{"id":397,"date":"2021-05-12T14:52:20","date_gmt":"2021-05-12T21:52:20","guid":{"rendered":"https:\/\/sgvlc.org\/?page_id=397"},"modified":"2022-08-15T14:40:32","modified_gmt":"2022-08-15T21:40:32","slug":"donation-form","status":"publish","type":"page","link":"https:\/\/sgvlc.org\/tr\/home\/supporting-sgvlc\/donation-form\/","title":{"rendered":"Ba\u011f\u0131\u015f"},"content":{"rendered":"<div data-elementor-type=\"wp-page\" data-elementor-id=\"397\" class=\"elementor elementor-397\" data-elementor-post-type=\"page\">\n\t\t\t\t\t\t<section class=\"elementor-section elementor-top-section elementor-element elementor-element-5b5c17f elementor-section-boxed elementor-section-height-default elementor-section-height-default\" data-id=\"5b5c17f\" data-element_type=\"section\">\n\t\t\t\t\t\t<div class=\"elementor-container elementor-column-gap-default\">\n\t\t\t\t\t<div class=\"elementor-column elementor-col-100 elementor-top-column elementor-element elementor-element-6b9b962\" data-id=\"6b9b962\" data-element_type=\"column\">\n\t\t\t<div class=\"elementor-widget-wrap elementor-element-populated\">\n\t\t\t\t\t\t<div class=\"elementor-element elementor-element-a6604da elementor-widget elementor-widget-heading\" data-id=\"a6604da\" data-element_type=\"widget\" data-widget_type=\"heading.default\">\n\t\t\t\t<div class=\"elementor-widget-container\">\n\t\t\t\t\t<h2 class=\"elementor-heading-title elementor-size-default\"><b>SGVLC&#039;YE BA\u011eI\u015e YAPIN<\/b><\/h2>\t\t\t\t<\/div>\n\t\t\t\t<\/div>\n\t\t\t\t\t<\/div>\n\t\t<\/div>\n\t\t\t\t\t<\/div>\n\t\t<\/section>\n\t\t\t\t<section class=\"elementor-section elementor-top-section elementor-element elementor-element-65c5f6f elementor-section-boxed elementor-section-height-default elementor-section-height-default\" data-id=\"65c5f6f\" data-element_type=\"section\">\n\t\t\t\t\t\t<div class=\"elementor-container elementor-column-gap-default\">\n\t\t\t\t\t<div class=\"elementor-column elementor-col-100 elementor-top-column elementor-element elementor-element-db47817\" data-id=\"db47817\" data-element_type=\"column\">\n\t\t\t<div class=\"elementor-widget-wrap elementor-element-populated\">\n\t\t\t\t\t\t<div class=\"elementor-element elementor-element-f066788 elementor-widget elementor-widget-text-editor\" data-id=\"f066788\" data-element_type=\"widget\" data-widget_type=\"text-editor.default\">\n\t\t\t\t<div class=\"elementor-widget-container\">\n\t\t\t\t\t\t\t\t\t<p style=\"text-align: center;\">San Gabriel Valley Okuryazarl\u0131k Konseyi, 501(c)3 kar amac\u0131 g\u00fctmeyen bir kurulu\u015ftur.<\/p><p style=\"text-align: center;\">Katk\u0131n\u0131z, yasan\u0131n tamam\u0131 kapsam\u0131nda vergiden d\u00fc\u015f\u00fclebilir.<\/p><p style=\"text-align: center;\"><strong>Kredi kart\u0131 ile ba\u011f\u0131\u015f yapmak i\u00e7in l\u00fctfen a\u015fa\u011f\u0131daki formu kullan\u0131n.<\/strong><\/p><p style=\"text-align: center;\">Ayr\u0131ca, \u00e7ek yoluyla g\u00f6nderilebilecek katk\u0131lar\u0131 minnetle kabul ediyoruz:<\/p><p style=\"text-align: center;\">SGVLC Posta Kutusu 60432 Pasadena, CA 91116-6432<\/p>\t\t\t\t\t\t\t\t<\/div>\n\t\t\t\t<\/div>\n\t\t\t\t\t<\/div>\n\t\t<\/div>\n\t\t\t\t\t<\/div>\n\t\t<\/section>\n\t\t\t\t<section class=\"elementor-section elementor-top-section elementor-element elementor-element-4b8bb3c elementor-section-boxed elementor-section-height-default elementor-section-height-default\" data-id=\"4b8bb3c\" data-element_type=\"section\">\n\t\t\t\t\t\t<div class=\"elementor-container elementor-column-gap-default\">\n\t\t\t\t\t<div class=\"elementor-column elementor-col-33 elementor-top-column elementor-element elementor-element-4953f0b\" data-id=\"4953f0b\" data-element_type=\"column\">\n\t\t\t<div class=\"elementor-widget-wrap\">\n\t\t\t\t\t\t\t<\/div>\n\t\t<\/div>\n\t\t\t\t<div class=\"elementor-column elementor-col-33 elementor-top-column elementor-element elementor-element-fd3a480\" data-id=\"fd3a480\" data-element_type=\"column\">\n\t\t\t<div class=\"elementor-widget-wrap elementor-element-populated\">\n\t\t\t\t\t\t<div class=\"elementor-element elementor-element-a662e1f elementor-widget elementor-widget-wpforms\" data-id=\"a662e1f\" data-element_type=\"widget\" data-widget_type=\"wpforms.default\">\n\t\t\t\t<div class=\"elementor-widget-container\">\n\t\t\t\t\t<div class=\"wpforms-container wpforms-container-full wpforms-stripe\" id=\"wpforms-2346\"><form id=\"wpforms-form-2346\" class=\"wpforms-validate wpforms-form wpforms-ajax-form\" data-formid=\"2346\" method=\"post\" enctype=\"multipart\/form-data\" action=\"\/tr\/wp-json\/wp\/v2\/pages\/397\" data-token=\"f0cdb74a79bed436910834aec9e9d5fb\" data-trp-original-action=\"\/tr\/wp-json\/wp\/v2\/pages\/397\"><noscript class=\"wpforms-error-noscript\">Bu formu doldurmak i\u00e7in l\u00fctfen taray\u0131c\u0131n\u0131zda JavaScript&#039;i etkinle\u015ftirin.<\/noscript><div class=\"wpforms-field-container\"><div id=\"wpforms-2346-field_1-container\" class=\"wpforms-field wpforms-field-name\" data-field-id=\"1\"><label class=\"wpforms-field-label\" for=\"wpforms-2346-field_1\">isim <span class=\"wpforms-required-label\">*<\/span><\/label><input type=\"text\" id=\"wpforms-2346-field_1\" class=\"wpforms-field-medium wpforms-field-required\" name=\"wpforms[fields][1]\" required><\/div><div id=\"wpforms-2346-field_8-container\" class=\"wpforms-field wpforms-field-address\" data-field-id=\"8\"><label class=\"wpforms-field-label\" for=\"wpforms-2346-field_8\">Adres <span class=\"wpforms-required-label\">*<\/span><\/label><div class=\"wpforms-field-row wpforms-field-medium\"><div ><input type=\"text\" id=\"wpforms-2346-field_8\" class=\"wpforms-field-address-address1 wpforms-field-required\" name=\"wpforms[fields][8][address1]\" required><label for=\"wpforms-2346-field_8\" class=\"wpforms-field-sublabel after\">Adres sat\u0131r\u0131 1<\/label><\/div><\/div><div class=\"wpforms-field-row wpforms-field-medium\"><div ><input type=\"text\" id=\"wpforms-2346-field_8-address2\" class=\"wpforms-field-address-address2\" name=\"wpforms[fields][8][address2]\" ><label for=\"wpforms-2346-field_8-address2\" class=\"wpforms-field-sublabel after\">Adres Sat\u0131r\u0131 2<\/label><\/div><\/div><div class=\"wpforms-field-row wpforms-field-medium\"><div class=\"wpforms-field-row-block wpforms-one-half wpforms-first\"><input type=\"text\" id=\"wpforms-2346-field_8-city\" class=\"wpforms-field-address-city wpforms-field-required\" name=\"wpforms[fields][8][city]\" required><label for=\"wpforms-2346-field_8-city\" class=\"wpforms-field-sublabel after\">\u015eehir<\/label><\/div><div class=\"wpforms-field-row-block wpforms-one-half\"><select id=\"wpforms-2346-field_8-state\" class=\"wpforms-field-address-state wpforms-field-required\" name=\"wpforms[fields][8][state]\" value=\"--\" required><option value=\"AL\" >Alabama<\/option><option value=\"AK\" >Alaska<\/option><option value=\"AZ\" >arizona<\/option><option value=\"AR\" >Arkansas<\/option><option value=\"CA\" >Kaliforniya<\/option><option value=\"CO\" >Kolorado<\/option><option value=\"CT\" >Connecticut<\/option><option value=\"DE\" >Delaware<\/option><option value=\"DC\" >Columbia B\u00f6lgesi<\/option><option value=\"FL\" >Florida<\/option><option value=\"GA\" >G\u00fcrcistan<\/option><option value=\"HI\" >Hawaii<\/option><option value=\"ID\" >Idaho<\/option><option value=\"IL\" >Illinois<\/option><option value=\"IN\" >Hindistan<\/option><option value=\"IA\" >Iowa<\/option><option value=\"KS\" >kansas<\/option><option value=\"KY\" >Kentucky<\/option><option value=\"LA\" >Louisiana<\/option><option value=\"ME\" >Maine<\/option><option value=\"MD\" >Maryland<\/option><option value=\"MA\" >Massachusetts<\/option><option value=\"MI\" >Michigan<\/option><option value=\"MN\" >Minnesota<\/option><option value=\"MS\" >Mississippi<\/option><option value=\"MO\" >Missouri<\/option><option value=\"MT\" >montana<\/option><option value=\"NE\" >Nebraska<\/option><option value=\"NV\" >Nevada<\/option><option value=\"NH\" >New Hampshire<\/option><option value=\"NJ\" >New Jersey<\/option><option value=\"NM\" >Yeni Meksika<\/option><option value=\"NY\" >New York<\/option><option value=\"NC\" >kuzey Carolina<\/option><option value=\"ND\" >Kuzey Dakota<\/option><option value=\"OH\" >Ohio<\/option><option value=\"OK\" >Oklahoma<\/option><option value=\"OR\" >Oregon<\/option><option value=\"PA\" >Pensilvanya<\/option><option value=\"RI\" >Rodos Adas\u0131<\/option><option value=\"SC\" >G\u00fcney Carolina<\/option><option value=\"SD\" >G\u00fcney Dakota<\/option><option value=\"TN\" >Tennessee<\/option><option value=\"TX\" >Teksas<\/option><option value=\"UT\" >Utah<\/option><option value=\"VT\" >vermont<\/option><option value=\"VA\" >Virjinya<\/option><option value=\"WA\" >Washington<\/option><option value=\"WV\" >Bat\u0131 Virginia<\/option><option value=\"WI\" >Wisconsin<\/option><option value=\"WY\" >Wyoming<\/option><\/select><label for=\"wpforms-2346-field_8-state\" class=\"wpforms-field-sublabel after\">Belirtmek, bildirmek<\/label><\/div><\/div><div class=\"wpforms-field-row wpforms-field-medium\"><div class=\"wpforms-field-row-block wpforms-one-half wpforms-first\"><input type=\"text\" id=\"wpforms-2346-field_8-postal\" class=\"wpforms-field-address-postal wpforms-field-required wpforms-masked-input\" data-inputmask-mask=\"(99999)|(99999-9999)\" data-inputmask-keepstatic=\"true\" data-rule-inputmask-incomplete=\"1\" name=\"wpforms[fields][8][postal]\" required><label for=\"wpforms-2346-field_8-postal\" class=\"wpforms-field-sublabel after\">Posta kodu<\/label><\/div><\/div><\/div><div id=\"wpforms-2346-field_2-container\" class=\"wpforms-field wpforms-field-email\" data-field-id=\"2\"><label class=\"wpforms-field-label\" for=\"wpforms-2346-field_2\">E-posta adresiniz  <span class=\"wpforms-required-label\">*<\/span><\/label><input type=\"email\" id=\"wpforms-2346-field_2\" class=\"wpforms-field-medium wpforms-field-required\" name=\"wpforms[fields][2]\" spellcheck=\"false\" required><\/div><div id=\"wpforms-2346-field_9-container\" class=\"wpforms-field wpforms-field-phone\" data-field-id=\"9\"><label class=\"wpforms-field-label\" for=\"wpforms-2346-field_9\">Telefon <span class=\"wpforms-required-label\">*<\/span><\/label><input type=\"tel\" id=\"wpforms-2346-field_9\" class=\"wpforms-field-medium wpforms-field-required wpforms-smart-phone-field\" data-rule-smart-phone-field=\"true\" name=\"wpforms[fields][9]\" placeholder=\"(000) 000-0000\" required><\/div><div id=\"wpforms-2346-field_3-container\" class=\"wpforms-field wpforms-field-payment-single\" data-field-id=\"3\"><label class=\"wpforms-field-label\" for=\"wpforms-2346-field_3\">Ba\u011f\u0131\u015f miktar\u0131 <span class=\"wpforms-required-label\">*<\/span><\/label><input type=\"text\" id=\"wpforms-2346-field_3\" class=\"wpforms-field-medium wpforms-field-required wpforms-payment-user-input wpforms-payment-price\" data-rule-currency=\"[&quot;$&quot;,false]\" data-rule-required-positive-number=\"1\" name=\"wpforms[fields][3]\" value=\"&#036; 0.00\"><\/div><div id=\"wpforms-2346-field_10-container\" class=\"wpforms-field wpforms-field-stripe-credit-card\" data-field-id=\"10\"><label class=\"wpforms-field-label\" for=\"wpforms-2346-field_10\">Kart Numaras\u0131....... Son kullanma ay\/y\u0131l........ CVC Kodu <span class=\"wpforms-required-label\">*<\/span><\/label><div class=\"wpforms-field-row wpforms-field-large\"><div class=\"wpforms-field-stripe-credit-card-number\"><div id=\"wpforms-2346-field_10\" class=\"wpforms-field-stripe-credit-card-cardnumber wpforms-field-required\" data-required=\"required\"><!-- a Stripe Element will be inserted here. --><\/div><input type=\"text\" class=\"wpforms-stripe-credit-card-hidden-input\" name=\"wpforms[stripe-credit-card-hidden-input-2346]\" disabled style=\"display: none;\"><label for=\"wpforms-2346-field_10\" class=\"wpforms-field-sublabel after\">kart<\/label><\/div><\/div><div class=\"wpforms-field-row wpforms-field-large\"><div class=\"wpforms-field-stripe-credit-card-name\"><input type=\"text\" id=\"wpforms-2346-field_10-cardname\" class=\"wpforms-field-stripe-credit-card-cardname wpforms-field-required\" name=\"wpforms[stripe-credit-card-cardname]\" required><label for=\"wpforms-2346-field_10-cardname\" class=\"wpforms-field-sublabel after\">Karttaki \u0130sim<\/label><\/div><\/div><\/div><div id=\"wpforms-2346-field_4-container\" class=\"wpforms-field wpforms-field-textarea\" data-field-id=\"4\"><label class=\"wpforms-field-label\" for=\"wpforms-2346-field_4\">Yorum veya Mesaj<\/label><textarea id=\"wpforms-2346-field_4\" class=\"wpforms-field-small\" name=\"wpforms[fields][4]\" ><\/textarea><\/div><\/div><!-- .wpforms-field-container --><input type=\"hidden\" name=\"wpforms[recaptcha]\" value=\"\"><div class=\"wpforms-submit-container\" ><input type=\"hidden\" name=\"wpforms[id]\" value=\"2346\"><input type=\"hidden\" name=\"wpforms[author]\" value=\"1\"><button type=\"submit\" name=\"wpforms[submit]\" id=\"wpforms-submit-2346\" class=\"wpforms-submit\" data-alt-text=\"Submitting your request...\" data-submit-text=\"DONATE\" aria-live=\"assertive\" value=\"wpforms-submit\">BA\u011eI\u015e YAP<\/button><img decoding=\"async\" src=\"https:\/\/sgvlc.org\/wp-content\/plugins\/wpforms\/assets\/images\/submit-spin.svg\" class=\"wpforms-submit-spinner\" style=\"display: none;\" width=\"26\" height=\"26\" alt=\"Loading\"><\/div><input type=\"hidden\" name=\"trp-form-language\" value=\"tr\"\/><\/form><\/div>  <!-- .wpforms-container -->\t\t\t\t<\/div>\n\t\t\t\t<\/div>\n\t\t\t\t\t<\/div>\n\t\t<\/div>\n\t\t\t\t<div class=\"elementor-column elementor-col-33 elementor-top-column elementor-element elementor-element-336f7c9\" data-id=\"336f7c9\" data-element_type=\"column\">\n\t\t\t<div class=\"elementor-widget-wrap\">\n\t\t\t\t\t\t\t<\/div>\n\t\t<\/div>\n\t\t\t\t\t<\/div>\n\t\t<\/section>\n\t\t\t\t<section class=\"elementor-section elementor-top-section elementor-element elementor-element-ef4a356 elementor-section-boxed elementor-section-height-default elementor-section-height-default\" data-id=\"ef4a356\" data-element_type=\"section\">\n\t\t\t\t\t\t<div class=\"elementor-container elementor-column-gap-default\">\n\t\t\t\t\t<div class=\"elementor-column elementor-col-100 elementor-top-column elementor-element elementor-element-2e60375\" data-id=\"2e60375\" data-element_type=\"column\">\n\t\t\t<div class=\"elementor-widget-wrap elementor-element-populated\">\n\t\t\t\t\t\t<div class=\"elementor-element elementor-element-f0c5832 elementor-button-info elementor-align-center elementor-widget elementor-widget-global elementor-global-603 elementor-widget-button\" data-id=\"f0c5832\" data-element_type=\"widget\" data-widget_type=\"button.default\">\n\t\t\t\t<div class=\"elementor-widget-container\">\n\t\t\t\t\t\t\t\t\t<div class=\"elementor-button-wrapper\">\n\t\t\t\t\t<a class=\"elementor-button elementor-button-link elementor-size-sm\" href=\"https:\/\/sgvlc.org\/tr\/home\/\">\n\t\t\t\t\t\t<span class=\"elementor-button-content-wrapper\">\n\t\t\t\t\t\t\t\t\t<span class=\"elementor-button-text\">ANA SAYFAYA D\u00d6N<\/span>\n\t\t\t\t\t<\/span>\n\t\t\t\t\t<\/a>\n\t\t\t\t<\/div>\n\t\t\t\t\t\t\t\t<\/div>\n\t\t\t\t<\/div>\n\t\t\t\t\t<\/div>\n\t\t<\/div>\n\t\t\t\t\t<\/div>\n\t\t<\/section>\n\t\t\t\t<\/div>","protected":false},"excerpt":{"rendered":"<p>SGVLC&#039;YE BA\u011eI\u015e YAPIN San Gabriel Valley Okuryazarl\u0131k Konseyi, 501(c)3 kar amac\u0131 g\u00fctmeyen bir kurulu\u015ftur. Katk\u0131n\u0131z, yasan\u0131n tamam\u0131 kapsam\u0131nda vergiden d\u00fc\u015f\u00fclebilir. Kredi kart\u0131 ile ba\u011f\u0131\u015f yapmak i\u00e7in l\u00fctfen a\u015fa\u011f\u0131daki formu kullan\u0131n. Ayr\u0131ca \u00e7ek yoluyla yap\u0131lan katk\u0131lar\u0131 da minnetle kabul ediyoruz, bu postayla \u015fu adrese g\u00f6nderilebilir: SGVLC PO Box 60432 \u2026<\/p>\n<p class=\"read-more\"> <a class=\"\" href=\"https:\/\/sgvlc.org\/tr\/home\/supporting-sgvlc\/donation-form\/\"> <span class=\"screen-reader-text\">Ba\u011f\u0131\u015f<\/span> Devam\u0131n\u0131 oku &quot;<\/a><\/p>","protected":false},"author":1,"featured_media":0,"parent":272,"menu_order":0,"comment_status":"closed","ping_status":"closed","template":"","meta":{"footnotes":""},"class_list":["post-397","page","type-page","status-publish","hentry"],"jetpack_sharing_enabled":true,"_links":{"self":[{"href":"https:\/\/sgvlc.org\/tr\/wp-json\/wp\/v2\/pages\/397","targetHints":{"allow":["GET"]}}],"collection":[{"href":"https:\/\/sgvlc.org\/tr\/wp-json\/wp\/v2\/pages"}],"about":[{"href":"https:\/\/sgvlc.org\/tr\/wp-json\/wp\/v2\/types\/page"}],"author":[{"embeddable":true,"href":"https:\/\/sgvlc.org\/tr\/wp-json\/wp\/v2\/users\/1"}],"replies":[{"embeddable":true,"href":"https:\/\/sgvlc.org\/tr\/wp-json\/wp\/v2\/comments?post=397"}],"version-history":[{"count":10,"href":"https:\/\/sgvlc.org\/tr\/wp-json\/wp\/v2\/pages\/397\/revisions"}],"predecessor-version":[{"id":2584,"href":"https:\/\/sgvlc.org\/tr\/wp-json\/wp\/v2\/pages\/397\/revisions\/2584"}],"up":[{"embeddable":true,"href":"https:\/\/sgvlc.org\/tr\/wp-json\/wp\/v2\/pages\/272"}],"wp:attachment":[{"href":"https:\/\/sgvlc.org\/tr\/wp-json\/wp\/v2\/media?parent=397"}],"curies":[{"name":"wp","href":"https:\/\/api.w.org\/{rel}","templated":true}]}}