{"id":332,"date":"2021-05-13T03:22:53","date_gmt":"2021-05-13T10:22:53","guid":{"rendered":"https:\/\/sgvlc.org\/?page_id=332"},"modified":"2021-09-23T15:27:49","modified_gmt":"2021-09-23T22:27:49","slug":"teachers","status":"publish","type":"page","link":"https:\/\/sgvlc.org\/tr\/home\/teachers\/","title":{"rendered":"\u00d6\u011eRETMENLER"},"content":{"rendered":"<div data-elementor-type=\"wp-page\" data-elementor-id=\"332\" class=\"elementor elementor-332\" data-elementor-post-type=\"page\">\n\t\t\t\t\t\t<section class=\"elementor-section elementor-top-section elementor-element elementor-element-bcbecb4 elementor-section-boxed elementor-section-height-default elementor-section-height-default\" data-id=\"bcbecb4\" data-element_type=\"section\">\n\t\t\t\t\t\t<div class=\"elementor-container elementor-column-gap-default\">\n\t\t\t\t\t<div class=\"elementor-column elementor-col-100 elementor-top-column elementor-element elementor-element-5395f15\" data-id=\"5395f15\" data-element_type=\"column\">\n\t\t\t<div class=\"elementor-widget-wrap elementor-element-populated\">\n\t\t\t\t\t\t<div class=\"elementor-element elementor-element-4a3b8a5 elementor-widget elementor-widget-heading\" data-id=\"4a3b8a5\" data-element_type=\"widget\" data-widget_type=\"heading.default\">\n\t\t\t\t<div class=\"elementor-widget-container\">\n\t\t\t\t\t<h2 class=\"elementor-heading-title elementor-size-default\">\u00d6\u011eRETME HAKKINDA TUTKU<\/h2>\t\t\t\t<\/div>\n\t\t\t\t<\/div>\n\t\t\t\t<div class=\"elementor-element elementor-element-caa1bed elementor-widget__width-initial elementor-widget-mobile__width-initial elementor-widget elementor-widget-heading\" data-id=\"caa1bed\" data-element_type=\"widget\" data-widget_type=\"heading.default\">\n\t\t\t\t<div class=\"elementor-widget-container\">\n\t\t\t\t\t<h4 class=\"elementor-heading-title elementor-size-default\">G\u00f6n\u00fcll\u00fc \u00f6\u011fretmenlerimiz hayat\u0131n her kesiminden geliyor, ancak ortak bir nokta var: ba\u015fkalar\u0131n\u0131n \u00f6\u011frenmesine yard\u0131mc\u0131 olma tutkusu.<\/h4>\t\t\t\t<\/div>\n\t\t\t\t<\/div>\n\t\t\t\t\t<\/div>\n\t\t<\/div>\n\t\t\t\t\t<\/div>\n\t\t<\/section>\n\t\t\t\t<section class=\"elementor-section elementor-top-section elementor-element elementor-element-95bc48c elementor-section-boxed elementor-section-height-default elementor-section-height-default\" data-id=\"95bc48c\" data-element_type=\"section\">\n\t\t\t\t\t\t<div class=\"elementor-container elementor-column-gap-default\">\n\t\t\t\t\t<div class=\"elementor-column elementor-col-100 elementor-top-column elementor-element elementor-element-c93f3b0\" data-id=\"c93f3b0\" data-element_type=\"column\">\n\t\t\t<div class=\"elementor-widget-wrap elementor-element-populated\">\n\t\t\t\t\t\t<section class=\"elementor-section elementor-inner-section elementor-element elementor-element-60e480b elementor-section-boxed elementor-section-height-default elementor-section-height-default\" data-id=\"60e480b\" data-element_type=\"section\">\n\t\t\t\t\t\t<div class=\"elementor-container elementor-column-gap-default\">\n\t\t\t\t\t<div class=\"elementor-column elementor-col-50 elementor-inner-column elementor-element elementor-element-14df1d5\" data-id=\"14df1d5\" data-element_type=\"column\">\n\t\t\t<div class=\"elementor-widget-wrap elementor-element-populated\">\n\t\t\t\t\t\t<div class=\"elementor-element elementor-element-77a4c8c elementor-widget elementor-widget-text-editor\" data-id=\"77a4c8c\" data-element_type=\"widget\" data-widget_type=\"text-editor.default\">\n\t\t\t\t<div class=\"elementor-widget-container\">\n\t\t\t\t\t\t\t\t\t<p>San Gabriel Valley Okuryazarl\u0131k Konseyi,<br \/><strong>tamamen g\u00f6n\u00fcll\u00fc bir kurulu\u015f<\/strong>. \u0130ngilizce ve vatanda\u015fl\u0131k s\u0131n\u0131flar\u0131m\u0131z, \u00f6zel bir \u00f6\u011fretmen ve asistan ekibi taraf\u0131ndan y\u00f6netilmektedir. D\u00fcnyan\u0131n her yerinden gelen yeti\u015fkin \u00f6\u011frencilerle \u00e7al\u0131\u015f\u0131yoruz.<\/p><p><strong>\u00d6nceki \u00f6\u011fretim deneyimi gerekli de\u011fildir<\/strong>. T\u00fcm g\u00f6n\u00fcll\u00fclerimize a\u015fa\u011f\u0131dakileri i\u00e7eren kapsaml\u0131 bir e\u011fitim sunuyoruz:<\/p>\t\t\t\t\t\t\t\t<\/div>\n\t\t\t\t<\/div>\n\t\t\t\t<div class=\"elementor-element elementor-element-fafdd7d elementor-widget elementor-widget-text-editor\" data-id=\"fafdd7d\" data-element_type=\"widget\" data-widget_type=\"text-editor.default\">\n\t\t\t\t<div class=\"elementor-widget-container\">\n\t\t\t\t\t\t\t\t\t<ul><li>ESL\/EFL \u00f6\u011fretiminin ilkeleri<\/li><li>Ders kitaplar\u0131na ve al\u0131\u015ft\u0131rmalara giri\u015f<\/li><li>\u0130pu\u00e7lar\u0131 ve teknikler<\/li><li>\u00c7evrimi\u00e7i \u00f6\u011fretimin temelleri<\/li><li>Mevcut \u00f6\u011fretmenlerden mentorluk ve destek<\/li><\/ul>\t\t\t\t\t\t\t\t<\/div>\n\t\t\t\t<\/div>\n\t\t\t\t<div class=\"elementor-element elementor-element-75305eb elementor-widget elementor-widget-text-editor\" data-id=\"75305eb\" data-element_type=\"widget\" data-widget_type=\"text-editor.default\">\n\t\t\t\t<div class=\"elementor-widget-container\">\n\t\t\t\t\t\t\t\t\tE\u011fitimlerin ard\u0131ndan yeni g\u00f6n\u00fcll\u00fcler, \u00f6\u011frencilerimizin ihtiya\u00e7lar\u0131n\u0131 kar\u015f\u0131larken m\u00fcmk\u00fcn oldu\u011funca ki\u015fisel programlar\u0131na uygun s\u0131n\u0131flar a\u00e7abilirler.\n<br><br>\n<strong>Daha fazla bilgi veya g\u00f6n\u00fcll\u00fc olmak i\u00e7in<\/strong>, a\u015fa\u011f\u0131daki B\u0130ZE ULA\u015eIN&#039;a dokunun veya t\u0131klay\u0131n.\t\t\t\t\t\t\t\t<\/div>\n\t\t\t\t<\/div>\n\t\t\t\t\t<\/div>\n\t\t<\/div>\n\t\t\t\t<div class=\"elementor-column elementor-col-50 elementor-inner-column elementor-element elementor-element-103803e\" data-id=\"103803e\" data-element_type=\"column\">\n\t\t\t<div class=\"elementor-widget-wrap elementor-element-populated\">\n\t\t\t\t\t\t<div class=\"elementor-element elementor-element-bd0c61d elementor-invisible elementor-widget elementor-widget-image\" data-id=\"bd0c61d\" data-element_type=\"widget\" data-settings=\"{&quot;_animation&quot;:&quot;fadeIn&quot;}\" data-widget_type=\"image.default\">\n\t\t\t\t<div class=\"elementor-widget-container\">\n\t\t\t\t\t\t\t\t\t\t\t\t\t\t\t<img decoding=\"async\" src=\"https:\/\/sgvlc.org\/wp-content\/uploads\/elementor\/thumbs\/1CEDAEDE-table4-HORIZ-qccwxs6us09jmkl37nvj1d46hesflt2hvsclris5e8.png\" title=\"\" alt=\"\" loading=\"lazy\" \/>\t\t\t\t\t\t\t\t\t\t\t\t\t\t\t<\/div>\n\t\t\t\t<\/div>\n\t\t\t\t<div class=\"elementor-element elementor-element-ff97388 animated-slow elementor-invisible elementor-widget elementor-widget-image\" data-id=\"ff97388\" data-element_type=\"widget\" data-settings=\"{&quot;_animation&quot;:&quot;fadeIn&quot;}\" data-widget_type=\"image.default\">\n\t\t\t\t<div class=\"elementor-widget-container\">\n\t\t\t\t\t\t\t\t\t\t\t\t\t\t\t<img decoding=\"async\" src=\"https:\/\/sgvlc.org\/wp-content\/uploads\/2021\/06\/class_whiteboard.jpg\" title=\"\" alt=\"\" loading=\"lazy\" \/>\t\t\t\t\t\t\t\t\t\t\t\t\t\t\t<\/div>\n\t\t\t\t<\/div>\n\t\t\t\t\t<\/div>\n\t\t<\/div>\n\t\t\t\t\t<\/div>\n\t\t<\/section>\n\t\t\t\t\t<\/div>\n\t\t<\/div>\n\t\t\t\t\t<\/div>\n\t\t<\/section>\n\t\t\t\t<section class=\"elementor-section elementor-top-section elementor-element elementor-element-0223446 elementor-section-content-top elementor-section-height-min-height elementor-section-boxed elementor-section-height-default elementor-section-items-middle\" data-id=\"0223446\" data-element_type=\"section\">\n\t\t\t\t\t\t<div class=\"elementor-container elementor-column-gap-default\">\n\t\t\t\t\t<div class=\"elementor-column elementor-col-33 elementor-top-column elementor-element elementor-element-f43eb0e\" data-id=\"f43eb0e\" data-element_type=\"column\">\n\t\t\t<div class=\"elementor-widget-wrap elementor-element-populated\">\n\t\t\t\t\t\t<div class=\"elementor-element elementor-element-e248dfe elementor-align-right elementor-widget__width-inherit elementor-tablet-align-right elementor-mobile-align-center elementor-widget elementor-widget-button\" data-id=\"e248dfe\" data-element_type=\"widget\" data-widget_type=\"button.default\">\n\t\t\t\t<div class=\"elementor-widget-container\">\n\t\t\t\t\t\t\t\t\t<div class=\"elementor-button-wrapper\">\n\t\t\t\t\t<a class=\"elementor-button elementor-button-link elementor-size-sm\" href=\"https:\/\/sgvlc.org\/tr\/teachers-contact\/\">\n\t\t\t\t\t\t<span class=\"elementor-button-content-wrapper\">\n\t\t\t\t\t\t\t\t\t<span class=\"elementor-button-text\">B\u0130ZE ULA\u015eIN<\/span>\n\t\t\t\t\t<\/span>\n\t\t\t\t\t<\/a>\n\t\t\t\t<\/div>\n\t\t\t\t\t\t\t\t<\/div>\n\t\t\t\t<\/div>\n\t\t\t\t\t<\/div>\n\t\t<\/div>\n\t\t\t\t<div class=\"elementor-column elementor-col-33 elementor-top-column elementor-element elementor-element-c76bbfc\" data-id=\"c76bbfc\" data-element_type=\"column\">\n\t\t\t<div class=\"elementor-widget-wrap elementor-element-populated\">\n\t\t\t\t\t\t<div class=\"elementor-element elementor-element-a73a8ed elementor-button-info elementor-align-center elementor-widget elementor-widget-global elementor-global-603 elementor-widget-button\" data-id=\"a73a8ed\" data-element_type=\"widget\" data-widget_type=\"button.default\">\n\t\t\t\t<div class=\"elementor-widget-container\">\n\t\t\t\t\t\t\t\t\t<div class=\"elementor-button-wrapper\">\n\t\t\t\t\t<a class=\"elementor-button elementor-button-link elementor-size-sm\" href=\"https:\/\/sgvlc.org\/tr\/home\/\">\n\t\t\t\t\t\t<span class=\"elementor-button-content-wrapper\">\n\t\t\t\t\t\t\t\t\t<span class=\"elementor-button-text\">ANA SAYFAYA D\u00d6N<\/span>\n\t\t\t\t\t<\/span>\n\t\t\t\t\t<\/a>\n\t\t\t\t<\/div>\n\t\t\t\t\t\t\t\t<\/div>\n\t\t\t\t<\/div>\n\t\t\t\t<div class=\"elementor-element elementor-element-3ce11ee elementor-button-info elementor-align-center elementor-widget elementor-widget-button\" data-id=\"3ce11ee\" data-element_type=\"widget\" data-widget_type=\"button.default\">\n\t\t\t\t<div class=\"elementor-widget-container\">\n\t\t\t\t\t\t\t\t\t<div class=\"elementor-button-wrapper\">\n\t\t\t\t\t<a class=\"elementor-button elementor-button-link elementor-size-sm\" href=\"https:\/\/sgvlc.org\/tr\/calendar\/\">\n\t\t\t\t\t\t<span class=\"elementor-button-content-wrapper\">\n\t\t\t\t\t\t\t\t\t<span class=\"elementor-button-text\">YILLIK TAKV\u0130M<\/span>\n\t\t\t\t\t<\/span>\n\t\t\t\t\t<\/a>\n\t\t\t\t<\/div>\n\t\t\t\t\t\t\t\t<\/div>\n\t\t\t\t<\/div>\n\t\t\t\t\t<\/div>\n\t\t<\/div>\n\t\t\t\t<div class=\"elementor-column elementor-col-33 elementor-top-column elementor-element elementor-element-c20abe0\" data-id=\"c20abe0\" data-element_type=\"column\">\n\t\t\t<div class=\"elementor-widget-wrap elementor-element-populated\">\n\t\t\t\t\t\t<div class=\"elementor-element elementor-element-71942a7 elementor-align-left elementor-mobile-align-center elementor-tablet-align-left elementor-widget elementor-widget-button\" data-id=\"71942a7\" data-element_type=\"widget\" data-widget_type=\"button.default\">\n\t\t\t\t<div class=\"elementor-widget-container\">\n\t\t\t\t\t\t\t\t\t<div class=\"elementor-button-wrapper\">\n\t\t\t\t\t<a class=\"elementor-button elementor-button-link elementor-size-sm\" href=\"https:\/\/sgvlc.org\/tr\/scheduled-courses\/\">\n\t\t\t\t\t\t<span class=\"elementor-button-content-wrapper\">\n\t\t\t\t\t\t\t\t\t<span class=\"elementor-button-text\">DERS PROGRAMI<\/span>\n\t\t\t\t\t<\/span>\n\t\t\t\t\t<\/a>\n\t\t\t\t<\/div>\n\t\t\t\t\t\t\t\t<\/div>\n\t\t\t\t<\/div>\n\t\t\t\t\t<\/div>\n\t\t<\/div>\n\t\t\t\t\t<\/div>\n\t\t<\/section>\n\t\t\t\t<\/div>","protected":false},"excerpt":{"rendered":"<p>\u00d6\u011eRETME HAKKINDA TUTKU G\u00f6n\u00fcll\u00fc \u00f6\u011fretmenlerimiz hayat\u0131n her kesiminden gelir, ancak ortak bir nokta vard\u0131r: ba\u015fkalar\u0131n\u0131n \u00f6\u011frenmesine yard\u0131mc\u0131 olma tutkusu. San Gabriel Valley Okuryazarl\u0131k Konseyi, tamamen g\u00f6n\u00fcll\u00fclerden olu\u015fan bir kurulu\u015ftur. \u0130ngilizce ve vatanda\u015fl\u0131k s\u0131n\u0131flar\u0131m\u0131z, \u00f6zel bir \u00f6\u011fretmen ve asistan ekibi taraf\u0131ndan y\u00f6netilmektedir. A\u015fa\u011f\u0131dakilerden gelen yeti\u015fkin \u00f6\u011frencilerle \u00e7al\u0131\u015f\u0131yoruz\u2026<\/p>\n<p class=\"read-more\"> <a class=\"\" href=\"https:\/\/sgvlc.org\/tr\/home\/teachers\/\"> <span class=\"screen-reader-text\">\u00d6\u011eRETMENLER<\/span> Devam\u0131n\u0131 oku &quot;<\/a><\/p>","protected":false},"author":1,"featured_media":0,"parent":124,"menu_order":0,"comment_status":"closed","ping_status":"closed","template":"","meta":{"footnotes":""},"class_list":["post-332","page","type-page","status-publish","hentry"],"jetpack_sharing_enabled":true,"_links":{"self":[{"href":"https:\/\/sgvlc.org\/tr\/wp-json\/wp\/v2\/pages\/332","targetHints":{"allow":["GET"]}}],"collection":[{"href":"https:\/\/sgvlc.org\/tr\/wp-json\/wp\/v2\/pages"}],"about":[{"href":"https:\/\/sgvlc.org\/tr\/wp-json\/wp\/v2\/types\/page"}],"author":[{"embeddable":true,"href":"https:\/\/sgvlc.org\/tr\/wp-json\/wp\/v2\/users\/1"}],"replies":[{"embeddable":true,"href":"https:\/\/sgvlc.org\/tr\/wp-json\/wp\/v2\/comments?post=332"}],"version-history":[{"count":10,"href":"https:\/\/sgvlc.org\/tr\/wp-json\/wp\/v2\/pages\/332\/revisions"}],"predecessor-version":[{"id":2263,"href":"https:\/\/sgvlc.org\/tr\/wp-json\/wp\/v2\/pages\/332\/revisions\/2263"}],"up":[{"embeddable":true,"href":"https:\/\/sgvlc.org\/tr\/wp-json\/wp\/v2\/pages\/124"}],"wp:attachment":[{"href":"https:\/\/sgvlc.org\/tr\/wp-json\/wp\/v2\/media?parent=332"}],"curies":[{"name":"wp","href":"https:\/\/api.w.org\/{rel}","templated":true}]}}