{"id":323,"date":"2021-05-13T03:13:04","date_gmt":"2021-05-13T10:13:04","guid":{"rendered":"https:\/\/sgvlc.org\/?page_id=323"},"modified":"2025-08-10T15:15:32","modified_gmt":"2025-08-10T22:15:32","slug":"students","status":"publish","type":"page","link":"https:\/\/sgvlc.org\/tr\/home\/students\/","title":{"rendered":"\u00d6\u011eRENC\u0130LER"},"content":{"rendered":"<div data-elementor-type=\"wp-page\" data-elementor-id=\"323\" class=\"elementor elementor-323\" data-elementor-post-type=\"page\">\n\t\t\t\t\t\t<section class=\"elementor-section elementor-top-section elementor-element elementor-element-2d3985f elementor-section-boxed elementor-section-height-default elementor-section-height-default\" data-id=\"2d3985f\" data-element_type=\"section\">\n\t\t\t\t\t\t<div class=\"elementor-container elementor-column-gap-default\">\n\t\t\t\t\t<div class=\"elementor-column elementor-col-100 elementor-top-column elementor-element elementor-element-ff7e5be\" data-id=\"ff7e5be\" data-element_type=\"column\">\n\t\t\t<div class=\"elementor-widget-wrap elementor-element-populated\">\n\t\t\t\t\t\t<div class=\"elementor-element elementor-element-d398a0e elementor-widget elementor-widget-heading\" data-id=\"d398a0e\" data-element_type=\"widget\" data-widget_type=\"heading.default\">\n\t\t\t\t<div class=\"elementor-widget-container\">\n\t\t\t\t\t<h2 class=\"elementor-heading-title elementor-size-default\">SEN <b>YAPAB\u0130LMEK<\/b> \u0130NG\u0130L\u0130ZCE \u00d6\u011eREN!<\/h2>\t\t\t\t<\/div>\n\t\t\t\t<\/div>\n\t\t\t\t<div class=\"elementor-element elementor-element-4b1db52 elementor-widget__width-initial elementor-widget-mobile__width-initial elementor-widget elementor-widget-heading\" data-id=\"4b1db52\" data-element_type=\"widget\" data-widget_type=\"heading.default\">\n\t\t\t\t<div class=\"elementor-widget-container\">\n\t\t\t\t\t<h4 class=\"elementor-heading-title elementor-size-default\">Arkada\u015f canl\u0131s\u0131, k\u00fc\u00e7\u00fck grup s\u0131n\u0131flar\u0131m\u0131zdan birine kat\u0131l\u0131n.<br>Yeni bir dil \u00f6\u011frenmenin nas\u0131l kolay ve e\u011flenceli olabilece\u011fini g\u00f6r\u00fcn.<\/h4>\t\t\t\t<\/div>\n\t\t\t\t<\/div>\n\t\t\t\t\t<\/div>\n\t\t<\/div>\n\t\t\t\t\t<\/div>\n\t\t<\/section>\n\t\t\t\t<section class=\"elementor-section elementor-top-section elementor-element elementor-element-c78c085 elementor-section-boxed elementor-section-height-default elementor-section-height-default\" data-id=\"c78c085\" data-element_type=\"section\">\n\t\t\t\t\t\t<div class=\"elementor-container elementor-column-gap-default\">\n\t\t\t\t\t<div class=\"elementor-column elementor-col-100 elementor-top-column elementor-element elementor-element-801bdfd\" data-id=\"801bdfd\" data-element_type=\"column\">\n\t\t\t<div class=\"elementor-widget-wrap elementor-element-populated\">\n\t\t\t\t\t\t<section class=\"elementor-section elementor-inner-section elementor-element elementor-element-8702a39 elementor-section-boxed elementor-section-height-default elementor-section-height-default\" data-id=\"8702a39\" data-element_type=\"section\">\n\t\t\t\t\t\t<div class=\"elementor-container elementor-column-gap-default\">\n\t\t\t\t\t<div class=\"elementor-column elementor-col-50 elementor-inner-column elementor-element elementor-element-f7d11d3\" data-id=\"f7d11d3\" data-element_type=\"column\">\n\t\t\t<div class=\"elementor-widget-wrap elementor-element-populated\">\n\t\t\t\t\t\t<div class=\"elementor-element elementor-element-6b0e426 elementor-widget elementor-widget-text-editor\" data-id=\"6b0e426\" data-element_type=\"widget\" data-widget_type=\"text-editor.default\">\n\t\t\t\t<div class=\"elementor-widget-container\">\n\t\t\t\t\t\t\t\t\t<p>\u2022 Derslerimize 18 ya\u015f\u0131ndan b\u00fcy\u00fck her yeti\u015fkin kat\u0131labilir.<\/p><p>\u2022 T\u00fcm dersler \u00fccretsizdir! Ders kitaplar\u0131n\u0131 veriyoruz.<\/p><p>\u2022 Sabah, \u00f6\u011fleden sonra ve ak\u015fam ba\u015flang\u0131\u00e7, orta, ileri d\u00fczey, konu\u015fma ve ABD vatanda\u015fl\u0131\u011f\u0131 dersleri sunuyoruz.<\/p><p>\u2022 S\u0131n\u0131flar k\u00fc\u00e7\u00fckt\u00fcr, b\u00f6ylece herkes ki\u015fisel olarak ilgi g\u00f6rebilir.<\/p><p>\u2022 Derslerimizi hem y\u00fcz y\u00fcze hem de Zoom \u00fczerinden sunuyoruz.<\/p>\t\t\t\t\t\t\t\t<\/div>\n\t\t\t\t<\/div>\n\t\t\t\t\t<\/div>\n\t\t<\/div>\n\t\t\t\t<div class=\"elementor-column elementor-col-50 elementor-inner-column elementor-element elementor-element-9edc347\" data-id=\"9edc347\" data-element_type=\"column\">\n\t\t\t<div class=\"elementor-widget-wrap elementor-element-populated\">\n\t\t\t\t\t\t<div class=\"elementor-element elementor-element-75e9626 animated-fast elementor-invisible elementor-widget elementor-widget-image\" data-id=\"75e9626\" data-element_type=\"widget\" data-settings=\"{&quot;_animation&quot;:&quot;fadeIn&quot;}\" data-widget_type=\"image.default\">\n\t\t\t\t<div class=\"elementor-widget-container\">\n\t\t\t\t\t\t\t\t\t\t\t\t\t\t\t<img decoding=\"async\" src=\"https:\/\/sgvlc.org\/wp-content\/uploads\/elementor\/thumbs\/IMG_0875_4stus-qccwxs6us08zzfxrumqrncbdbbh76jyyl8oa7vprww.jpg\" title=\"\" alt=\"\" loading=\"lazy\" \/>\t\t\t\t\t\t\t\t\t\t\t\t\t\t\t<\/div>\n\t\t\t\t<\/div>\n\t\t\t\t\t<\/div>\n\t\t<\/div>\n\t\t\t\t\t<\/div>\n\t\t<\/section>\n\t\t\t\t\t<\/div>\n\t\t<\/div>\n\t\t\t\t\t<\/div>\n\t\t<\/section>\n\t\t\t\t<section class=\"elementor-section elementor-top-section elementor-element elementor-element-352a8e6 elementor-section-boxed elementor-section-height-default elementor-section-height-default\" data-id=\"352a8e6\" data-element_type=\"section\">\n\t\t\t\t\t\t<div class=\"elementor-container elementor-column-gap-default\">\n\t\t\t\t\t<div class=\"elementor-column elementor-col-20 elementor-top-column elementor-element elementor-element-a581159\" data-id=\"a581159\" data-element_type=\"column\">\n\t\t\t<div class=\"elementor-widget-wrap\">\n\t\t\t\t\t\t\t<\/div>\n\t\t<\/div>\n\t\t\t\t<div class=\"elementor-column elementor-col-20 elementor-top-column elementor-element elementor-element-beca99f\" data-id=\"beca99f\" data-element_type=\"column\">\n\t\t\t<div class=\"elementor-widget-wrap elementor-element-populated\">\n\t\t\t\t\t\t<div class=\"elementor-element elementor-element-235b0df elementor-widget elementor-widget-text-editor\" data-id=\"235b0df\" data-element_type=\"widget\" data-widget_type=\"text-editor.default\">\n\t\t\t\t<div class=\"elementor-widget-container\">\n\t\t\t\t\t\t\t\t\t<p style=\"text-align: center;\"><strong>Ki\u015fi s\u0131n\u0131flar\u0131nda <\/strong>bulu\u015facak<br \/>Villa-Parke Toplum Merkezi<br \/>363 Do\u011fu Villa Caddesi, Pasadena<\/p><p>Kurtulu\u015f Ordusu Umut Merkezi,<br \/>960 Do\u011fu Ceviz, Pasadena<\/p>\t\t\t\t\t\t\t\t<\/div>\n\t\t\t\t<\/div>\n\t\t\t\t\t<\/div>\n\t\t<\/div>\n\t\t\t\t<div class=\"elementor-column elementor-col-20 elementor-top-column elementor-element elementor-element-029a0cf\" data-id=\"029a0cf\" data-element_type=\"column\">\n\t\t\t<div class=\"elementor-widget-wrap elementor-element-populated\">\n\t\t\t\t\t\t<div class=\"elementor-element elementor-element-690b737 elementor-widget elementor-widget-heading\" data-id=\"690b737\" data-element_type=\"widget\" data-widget_type=\"heading.default\">\n\t\t\t\t<div class=\"elementor-widget-container\">\n\t\t\t\t\t<h2 class=\"elementor-heading-title elementor-size-default\"><a href=\"https:\/\/sgvlc.org\/tr\/students-contact\/\">KAYDOLMAYA HAZIR MISINIZ?<\/a><\/h2>\t\t\t\t<\/div>\n\t\t\t\t<\/div>\n\t\t\t\t<div class=\"elementor-element elementor-element-ab857c5 elementor-align-center elementor-widget__width-inherit elementor-tablet-align-center elementor-mobile-align-center elementor-widget elementor-widget-button\" data-id=\"ab857c5\" data-element_type=\"widget\" data-widget_type=\"button.default\">\n\t\t\t\t<div class=\"elementor-widget-container\">\n\t\t\t\t\t\t\t\t\t<div class=\"elementor-button-wrapper\">\n\t\t\t\t\t<a class=\"elementor-button elementor-button-link elementor-size-sm\" href=\"https:\/\/sgvlc.org\/tr\/students-contact\/\">\n\t\t\t\t\t\t<span class=\"elementor-button-content-wrapper\">\n\t\t\t\t\t\t\t\t\t<span class=\"elementor-button-text\">B\u0130ZE ULA\u015eIN<\/span>\n\t\t\t\t\t<\/span>\n\t\t\t\t\t<\/a>\n\t\t\t\t<\/div>\n\t\t\t\t\t\t\t\t<\/div>\n\t\t\t\t<\/div>\n\t\t\t\t<div class=\"elementor-element elementor-element-73e6758 elementor-widget elementor-widget-heading\" data-id=\"73e6758\" data-element_type=\"widget\" data-widget_type=\"heading.default\">\n\t\t\t\t<div class=\"elementor-widget-container\">\n\t\t\t\t\t<h2 class=\"elementor-heading-title elementor-size-default\">Yak\u0131nda cevap verece\u011fiz.<\/h2>\t\t\t\t<\/div>\n\t\t\t\t<\/div>\n\t\t\t\t\t<\/div>\n\t\t<\/div>\n\t\t\t\t<div class=\"elementor-column elementor-col-20 elementor-top-column elementor-element elementor-element-9235f8a\" data-id=\"9235f8a\" data-element_type=\"column\">\n\t\t\t<div class=\"elementor-widget-wrap elementor-element-populated\">\n\t\t\t\t\t\t<div class=\"elementor-element elementor-element-e34834a elementor-widget elementor-widget-heading\" data-id=\"e34834a\" data-element_type=\"widget\" data-widget_type=\"heading.default\">\n\t\t\t\t<div class=\"elementor-widget-container\">\n\t\t\t\t\t<h2 class=\"elementor-heading-title elementor-size-default\"><a href=\"https:\/\/sgvlc.org\/tr\/course-schedule\/\">DAHA FAZLA B\u0130LG\u0130 \u0130STER M\u0130S\u0130N\u0130Z?<\/a><\/h2>\t\t\t\t<\/div>\n\t\t\t\t<\/div>\n\t\t\t\t<div class=\"elementor-element elementor-element-5c912a3 elementor-align-center elementor-mobile-align-center elementor-tablet-align-right elementor-widget__width-inherit elementor-widget elementor-widget-button\" data-id=\"5c912a3\" data-element_type=\"widget\" data-widget_type=\"button.default\">\n\t\t\t\t<div class=\"elementor-widget-container\">\n\t\t\t\t\t\t\t\t\t<div class=\"elementor-button-wrapper\">\n\t\t\t\t\t<a class=\"elementor-button elementor-button-link elementor-size-sm\" href=\"https:\/\/sgvlc.org\/tr\/scheduled-courses\/\">\n\t\t\t\t\t\t<span class=\"elementor-button-content-wrapper\">\n\t\t\t\t\t\t\t\t\t<span class=\"elementor-button-text\">DERS PROGRAMI<\/span>\n\t\t\t\t\t<\/span>\n\t\t\t\t\t<\/a>\n\t\t\t\t<\/div>\n\t\t\t\t\t\t\t\t<\/div>\n\t\t\t\t<\/div>\n\t\t\t\t\t<\/div>\n\t\t<\/div>\n\t\t\t\t<div class=\"elementor-column elementor-col-20 elementor-top-column elementor-element elementor-element-177ea61\" data-id=\"177ea61\" data-element_type=\"column\">\n\t\t\t<div class=\"elementor-widget-wrap\">\n\t\t\t\t\t\t\t<\/div>\n\t\t<\/div>\n\t\t\t\t\t<\/div>\n\t\t<\/section>\n\t\t\t\t<section class=\"elementor-section elementor-top-section elementor-element elementor-element-f78fee1 elementor-section-content-bottom elementor-section-boxed elementor-section-height-default elementor-section-height-default\" data-id=\"f78fee1\" data-element_type=\"section\">\n\t\t\t\t\t\t<div class=\"elementor-container elementor-column-gap-default\">\n\t\t\t\t\t<div class=\"elementor-column elementor-col-33 elementor-top-column elementor-element elementor-element-8a83653\" data-id=\"8a83653\" data-element_type=\"column\">\n\t\t\t<div class=\"elementor-widget-wrap\">\n\t\t\t\t\t\t\t<\/div>\n\t\t<\/div>\n\t\t\t\t<div class=\"elementor-column elementor-col-33 elementor-top-column elementor-element elementor-element-2a5a8b2\" data-id=\"2a5a8b2\" data-element_type=\"column\">\n\t\t\t<div class=\"elementor-widget-wrap elementor-element-populated\">\n\t\t\t\t\t\t<div class=\"elementor-element elementor-element-5b764d5 elementor-button-info elementor-align-center elementor-mobile-align-center elementor-widget elementor-widget-button\" data-id=\"5b764d5\" data-element_type=\"widget\" data-widget_type=\"button.default\">\n\t\t\t\t<div class=\"elementor-widget-container\">\n\t\t\t\t\t\t\t\t\t<div class=\"elementor-button-wrapper\">\n\t\t\t\t\t<a class=\"elementor-button elementor-button-link elementor-size-sm\" href=\"https:\/\/sgvlc.org\/tr\/home\/\">\n\t\t\t\t\t\t<span class=\"elementor-button-content-wrapper\">\n\t\t\t\t\t\t\t\t\t<span class=\"elementor-button-text\">ANA SAYFAYA D\u00d6N<\/span>\n\t\t\t\t\t<\/span>\n\t\t\t\t\t<\/a>\n\t\t\t\t<\/div>\n\t\t\t\t\t\t\t\t<\/div>\n\t\t\t\t<\/div>\n\t\t\t\t\t<\/div>\n\t\t<\/div>\n\t\t\t\t<div class=\"elementor-column elementor-col-33 elementor-top-column elementor-element elementor-element-87681a8\" data-id=\"87681a8\" data-element_type=\"column\">\n\t\t\t<div class=\"elementor-widget-wrap\">\n\t\t\t\t\t\t\t<\/div>\n\t\t<\/div>\n\t\t\t\t\t<\/div>\n\t\t<\/section>\n\t\t\t\t<\/div>","protected":false},"excerpt":{"rendered":"<p>\u0130NG\u0130L\u0130ZCE \u00d6\u011eRENEB\u0130L\u0130RS\u0130N! Arkada\u015f canl\u0131s\u0131, k\u00fc\u00e7\u00fck grup s\u0131n\u0131flar\u0131m\u0131zdan birine kat\u0131l\u0131n. Yeni bir dil \u00f6\u011frenmenin nas\u0131l kolay ve e\u011flenceli olabilece\u011fini g\u00f6r\u00fcn. \u2022 Derslerimize 18 ya\u015f\u0131n\u0131 doldurmu\u015f her yeti\u015fkin kat\u0131labilir. \u2022 T\u00fcm dersler \u00fccretsizdir! Ders kitaplar\u0131n\u0131 veriyoruz. \u2022 Sabah, \u00f6\u011fleden sonra ve ak\u015fam ba\u015flang\u0131\u00e7, orta, ileri d\u00fczey, konu\u015fma ve ABD vatanda\u015fl\u0131\u011f\u0131 dersleri sunuyoruz. \u2026<\/p>\n<p class=\"read-more\"> <a class=\"\" href=\"https:\/\/sgvlc.org\/tr\/home\/students\/\"> <span class=\"screen-reader-text\">\u00d6\u011eRENC\u0130LER<\/span> Devam\u0131n\u0131 oku &quot;<\/a><\/p>","protected":false},"author":1,"featured_media":0,"parent":124,"menu_order":0,"comment_status":"closed","ping_status":"closed","template":"","meta":{"footnotes":""},"class_list":["post-323","page","type-page","status-publish","hentry"],"jetpack_sharing_enabled":true,"_links":{"self":[{"href":"https:\/\/sgvlc.org\/tr\/wp-json\/wp\/v2\/pages\/323","targetHints":{"allow":["GET"]}}],"collection":[{"href":"https:\/\/sgvlc.org\/tr\/wp-json\/wp\/v2\/pages"}],"about":[{"href":"https:\/\/sgvlc.org\/tr\/wp-json\/wp\/v2\/types\/page"}],"author":[{"embeddable":true,"href":"https:\/\/sgvlc.org\/tr\/wp-json\/wp\/v2\/users\/1"}],"replies":[{"embeddable":true,"href":"https:\/\/sgvlc.org\/tr\/wp-json\/wp\/v2\/comments?post=323"}],"version-history":[{"count":19,"href":"https:\/\/sgvlc.org\/tr\/wp-json\/wp\/v2\/pages\/323\/revisions"}],"predecessor-version":[{"id":2983,"href":"https:\/\/sgvlc.org\/tr\/wp-json\/wp\/v2\/pages\/323\/revisions\/2983"}],"up":[{"embeddable":true,"href":"https:\/\/sgvlc.org\/tr\/wp-json\/wp\/v2\/pages\/124"}],"wp:attachment":[{"href":"https:\/\/sgvlc.org\/tr\/wp-json\/wp\/v2\/media?parent=323"}],"curies":[{"name":"wp","href":"https:\/\/api.w.org\/{rel}","templated":true}]}}