{"id":323,"date":"2021-05-13T03:13:04","date_gmt":"2021-05-13T10:13:04","guid":{"rendered":"https:\/\/sgvlc.org\/?page_id=323"},"modified":"2025-08-10T15:15:32","modified_gmt":"2025-08-10T22:15:32","slug":"students","status":"publish","type":"page","link":"https:\/\/sgvlc.org\/es\/home\/students\/","title":{"rendered":"ESTUDIANTES"},"content":{"rendered":"<div data-elementor-type=\"wp-page\" data-elementor-id=\"323\" class=\"elementor elementor-323\" data-elementor-post-type=\"page\">\n\t\t\t\t\t\t<section class=\"elementor-section elementor-top-section elementor-element elementor-element-2d3985f elementor-section-boxed elementor-section-height-default elementor-section-height-default\" data-id=\"2d3985f\" data-element_type=\"section\">\n\t\t\t\t\t\t<div class=\"elementor-container elementor-column-gap-default\">\n\t\t\t\t\t<div class=\"elementor-column elementor-col-100 elementor-top-column elementor-element elementor-element-ff7e5be\" data-id=\"ff7e5be\" data-element_type=\"column\">\n\t\t\t<div class=\"elementor-widget-wrap elementor-element-populated\">\n\t\t\t\t\t\t<div class=\"elementor-element elementor-element-d398a0e elementor-widget elementor-widget-heading\" data-id=\"d398a0e\" data-element_type=\"widget\" data-widget_type=\"heading.default\">\n\t\t\t\t<div class=\"elementor-widget-container\">\n\t\t\t\t\t<h2 class=\"elementor-heading-title elementor-size-default\">USTED <b>LATA<\/b> \u00a1APRENDE INGL\u00c9S!<\/h2>\t\t\t\t<\/div>\n\t\t\t\t<\/div>\n\t\t\t\t<div class=\"elementor-element elementor-element-4b1db52 elementor-widget__width-initial elementor-widget-mobile__width-initial elementor-widget elementor-widget-heading\" data-id=\"4b1db52\" data-element_type=\"widget\" data-widget_type=\"heading.default\">\n\t\t\t\t<div class=\"elementor-widget-container\">\n\t\t\t\t\t<h4 class=\"elementor-heading-title elementor-size-default\">\u00danase a una de nuestras agradables clases para grupos peque\u00f1os.<br>Vea c\u00f3mo aprender un nuevo idioma puede ser f\u00e1cil y divertido.<\/h4>\t\t\t\t<\/div>\n\t\t\t\t<\/div>\n\t\t\t\t\t<\/div>\n\t\t<\/div>\n\t\t\t\t\t<\/div>\n\t\t<\/section>\n\t\t\t\t<section class=\"elementor-section elementor-top-section elementor-element elementor-element-c78c085 elementor-section-boxed elementor-section-height-default elementor-section-height-default\" data-id=\"c78c085\" data-element_type=\"section\">\n\t\t\t\t\t\t<div class=\"elementor-container elementor-column-gap-default\">\n\t\t\t\t\t<div class=\"elementor-column elementor-col-100 elementor-top-column elementor-element elementor-element-801bdfd\" data-id=\"801bdfd\" data-element_type=\"column\">\n\t\t\t<div class=\"elementor-widget-wrap elementor-element-populated\">\n\t\t\t\t\t\t<section class=\"elementor-section elementor-inner-section elementor-element elementor-element-8702a39 elementor-section-boxed elementor-section-height-default elementor-section-height-default\" data-id=\"8702a39\" data-element_type=\"section\">\n\t\t\t\t\t\t<div class=\"elementor-container elementor-column-gap-default\">\n\t\t\t\t\t<div class=\"elementor-column elementor-col-50 elementor-inner-column elementor-element elementor-element-f7d11d3\" data-id=\"f7d11d3\" data-element_type=\"column\">\n\t\t\t<div class=\"elementor-widget-wrap elementor-element-populated\">\n\t\t\t\t\t\t<div class=\"elementor-element elementor-element-6b0e426 elementor-widget elementor-widget-text-editor\" data-id=\"6b0e426\" data-element_type=\"widget\" data-widget_type=\"text-editor.default\">\n\t\t\t\t<div class=\"elementor-widget-container\">\n\t\t\t\t\t\t\t\t\t<p>\u2022 Cualquier adulto mayor de 18 a\u00f1os puede unirse a nuestras clases.<\/p><p>\u2022 \u00a1Todas las clases son gratuitas! Proporcionamos los libros de texto.<\/p><p>\u2022 Ofrecemos clases para principiantes, intermedios, avanzados, de conversaci\u00f3n y de ciudadan\u00eda estadounidense... por la ma\u00f1ana, por la tarde y por la noche.<\/p><p>\u2022 Las clases son peque\u00f1as para que todos puedan recibir una atenci\u00f3n personalizada.<\/p><p>\u2022 Ofrecemos clases tanto presenciales como por Zoom.<\/p>\t\t\t\t\t\t\t\t<\/div>\n\t\t\t\t<\/div>\n\t\t\t\t\t<\/div>\n\t\t<\/div>\n\t\t\t\t<div class=\"elementor-column elementor-col-50 elementor-inner-column elementor-element elementor-element-9edc347\" data-id=\"9edc347\" data-element_type=\"column\">\n\t\t\t<div class=\"elementor-widget-wrap elementor-element-populated\">\n\t\t\t\t\t\t<div class=\"elementor-element elementor-element-75e9626 animated-fast elementor-invisible elementor-widget elementor-widget-image\" data-id=\"75e9626\" data-element_type=\"widget\" data-settings=\"{&quot;_animation&quot;:&quot;fadeIn&quot;}\" data-widget_type=\"image.default\">\n\t\t\t\t<div class=\"elementor-widget-container\">\n\t\t\t\t\t\t\t\t\t\t\t\t\t\t\t<img decoding=\"async\" src=\"https:\/\/sgvlc.org\/wp-content\/uploads\/elementor\/thumbs\/IMG_0875_4stus-qccwxs6us08zzfxrumqrncbdbbh76jyyl8oa7vprww.jpg\" title=\"\" alt=\"\" loading=\"lazy\" \/>\t\t\t\t\t\t\t\t\t\t\t\t\t\t\t<\/div>\n\t\t\t\t<\/div>\n\t\t\t\t\t<\/div>\n\t\t<\/div>\n\t\t\t\t\t<\/div>\n\t\t<\/section>\n\t\t\t\t\t<\/div>\n\t\t<\/div>\n\t\t\t\t\t<\/div>\n\t\t<\/section>\n\t\t\t\t<section class=\"elementor-section elementor-top-section elementor-element elementor-element-352a8e6 elementor-section-boxed elementor-section-height-default elementor-section-height-default\" data-id=\"352a8e6\" data-element_type=\"section\">\n\t\t\t\t\t\t<div class=\"elementor-container elementor-column-gap-default\">\n\t\t\t\t\t<div class=\"elementor-column elementor-col-20 elementor-top-column elementor-element elementor-element-a581159\" data-id=\"a581159\" data-element_type=\"column\">\n\t\t\t<div class=\"elementor-widget-wrap\">\n\t\t\t\t\t\t\t<\/div>\n\t\t<\/div>\n\t\t\t\t<div class=\"elementor-column elementor-col-20 elementor-top-column elementor-element elementor-element-beca99f\" data-id=\"beca99f\" data-element_type=\"column\">\n\t\t\t<div class=\"elementor-widget-wrap elementor-element-populated\">\n\t\t\t\t\t\t<div class=\"elementor-element elementor-element-235b0df elementor-widget elementor-widget-text-editor\" data-id=\"235b0df\" data-element_type=\"widget\" data-widget_type=\"text-editor.default\">\n\t\t\t\t<div class=\"elementor-widget-container\">\n\t\t\t\t\t\t\t\t\t<p style=\"text-align: center;\"><strong>clases presenciales <\/strong>se reunir\u00e1 en<br \/>Centro Comunitario Villa-Parke<br \/>363 East Villa Street, Pasadena<\/p><p>Centro de Esperanza del Ej\u00e9rcito de Salvaci\u00f3n,<br \/>960 E. Walnut, Pasadena<\/p>\t\t\t\t\t\t\t\t<\/div>\n\t\t\t\t<\/div>\n\t\t\t\t\t<\/div>\n\t\t<\/div>\n\t\t\t\t<div class=\"elementor-column elementor-col-20 elementor-top-column elementor-element elementor-element-029a0cf\" data-id=\"029a0cf\" data-element_type=\"column\">\n\t\t\t<div class=\"elementor-widget-wrap elementor-element-populated\">\n\t\t\t\t\t\t<div class=\"elementor-element elementor-element-690b737 elementor-widget elementor-widget-heading\" data-id=\"690b737\" data-element_type=\"widget\" data-widget_type=\"heading.default\">\n\t\t\t\t<div class=\"elementor-widget-container\">\n\t\t\t\t\t<h2 class=\"elementor-heading-title elementor-size-default\"><a href=\"https:\/\/sgvlc.org\/es\/students-contact\/\">\u00bfLISTO PARA REGISTRARSE?<\/a><\/h2>\t\t\t\t<\/div>\n\t\t\t\t<\/div>\n\t\t\t\t<div class=\"elementor-element elementor-element-ab857c5 elementor-align-center elementor-widget__width-inherit elementor-tablet-align-center elementor-mobile-align-center elementor-widget elementor-widget-button\" data-id=\"ab857c5\" data-element_type=\"widget\" data-widget_type=\"button.default\">\n\t\t\t\t<div class=\"elementor-widget-container\">\n\t\t\t\t\t\t\t\t\t<div class=\"elementor-button-wrapper\">\n\t\t\t\t\t<a class=\"elementor-button elementor-button-link elementor-size-sm\" href=\"https:\/\/sgvlc.org\/es\/students-contact\/\">\n\t\t\t\t\t\t<span class=\"elementor-button-content-wrapper\">\n\t\t\t\t\t\t\t\t\t<span class=\"elementor-button-text\">CONT\u00c1CTENOS<\/span>\n\t\t\t\t\t<\/span>\n\t\t\t\t\t<\/a>\n\t\t\t\t<\/div>\n\t\t\t\t\t\t\t\t<\/div>\n\t\t\t\t<\/div>\n\t\t\t\t<div class=\"elementor-element elementor-element-73e6758 elementor-widget elementor-widget-heading\" data-id=\"73e6758\" data-element_type=\"widget\" data-widget_type=\"heading.default\">\n\t\t\t\t<div class=\"elementor-widget-container\">\n\t\t\t\t\t<h2 class=\"elementor-heading-title elementor-size-default\">Responderemos pronto.<\/h2>\t\t\t\t<\/div>\n\t\t\t\t<\/div>\n\t\t\t\t\t<\/div>\n\t\t<\/div>\n\t\t\t\t<div class=\"elementor-column elementor-col-20 elementor-top-column elementor-element elementor-element-9235f8a\" data-id=\"9235f8a\" data-element_type=\"column\">\n\t\t\t<div class=\"elementor-widget-wrap elementor-element-populated\">\n\t\t\t\t\t\t<div class=\"elementor-element elementor-element-e34834a elementor-widget elementor-widget-heading\" data-id=\"e34834a\" data-element_type=\"widget\" data-widget_type=\"heading.default\">\n\t\t\t\t<div class=\"elementor-widget-container\">\n\t\t\t\t\t<h2 class=\"elementor-heading-title elementor-size-default\"><a href=\"https:\/\/sgvlc.org\/es\/course-schedule\/\">\u00bfQUIERE SABER M\u00c1S?<\/a><\/h2>\t\t\t\t<\/div>\n\t\t\t\t<\/div>\n\t\t\t\t<div class=\"elementor-element elementor-element-5c912a3 elementor-align-center elementor-mobile-align-center elementor-tablet-align-right elementor-widget__width-inherit elementor-widget elementor-widget-button\" data-id=\"5c912a3\" data-element_type=\"widget\" data-widget_type=\"button.default\">\n\t\t\t\t<div class=\"elementor-widget-container\">\n\t\t\t\t\t\t\t\t\t<div class=\"elementor-button-wrapper\">\n\t\t\t\t\t<a class=\"elementor-button elementor-button-link elementor-size-sm\" href=\"https:\/\/sgvlc.org\/es\/scheduled-courses\/\">\n\t\t\t\t\t\t<span class=\"elementor-button-content-wrapper\">\n\t\t\t\t\t\t\t\t\t<span class=\"elementor-button-text\">CALENDARIO DE CURSOS<\/span>\n\t\t\t\t\t<\/span>\n\t\t\t\t\t<\/a>\n\t\t\t\t<\/div>\n\t\t\t\t\t\t\t\t<\/div>\n\t\t\t\t<\/div>\n\t\t\t\t\t<\/div>\n\t\t<\/div>\n\t\t\t\t<div class=\"elementor-column elementor-col-20 elementor-top-column elementor-element elementor-element-177ea61\" data-id=\"177ea61\" data-element_type=\"column\">\n\t\t\t<div class=\"elementor-widget-wrap\">\n\t\t\t\t\t\t\t<\/div>\n\t\t<\/div>\n\t\t\t\t\t<\/div>\n\t\t<\/section>\n\t\t\t\t<section class=\"elementor-section elementor-top-section elementor-element elementor-element-f78fee1 elementor-section-content-bottom elementor-section-boxed elementor-section-height-default elementor-section-height-default\" data-id=\"f78fee1\" data-element_type=\"section\">\n\t\t\t\t\t\t<div class=\"elementor-container elementor-column-gap-default\">\n\t\t\t\t\t<div class=\"elementor-column elementor-col-33 elementor-top-column elementor-element elementor-element-8a83653\" data-id=\"8a83653\" data-element_type=\"column\">\n\t\t\t<div class=\"elementor-widget-wrap\">\n\t\t\t\t\t\t\t<\/div>\n\t\t<\/div>\n\t\t\t\t<div class=\"elementor-column elementor-col-33 elementor-top-column elementor-element elementor-element-2a5a8b2\" data-id=\"2a5a8b2\" data-element_type=\"column\">\n\t\t\t<div class=\"elementor-widget-wrap elementor-element-populated\">\n\t\t\t\t\t\t<div class=\"elementor-element elementor-element-5b764d5 elementor-button-info elementor-align-center elementor-mobile-align-center elementor-widget elementor-widget-button\" data-id=\"5b764d5\" data-element_type=\"widget\" data-widget_type=\"button.default\">\n\t\t\t\t<div class=\"elementor-widget-container\">\n\t\t\t\t\t\t\t\t\t<div class=\"elementor-button-wrapper\">\n\t\t\t\t\t<a class=\"elementor-button elementor-button-link elementor-size-sm\" href=\"https:\/\/sgvlc.org\/es\/home\/\">\n\t\t\t\t\t\t<span class=\"elementor-button-content-wrapper\">\n\t\t\t\t\t\t\t\t\t<span class=\"elementor-button-text\">REGRESAR A LA P\u00c1GINA PRINCIPAL<\/span>\n\t\t\t\t\t<\/span>\n\t\t\t\t\t<\/a>\n\t\t\t\t<\/div>\n\t\t\t\t\t\t\t\t<\/div>\n\t\t\t\t<\/div>\n\t\t\t\t\t<\/div>\n\t\t<\/div>\n\t\t\t\t<div class=\"elementor-column elementor-col-33 elementor-top-column elementor-element elementor-element-87681a8\" data-id=\"87681a8\" data-element_type=\"column\">\n\t\t\t<div class=\"elementor-widget-wrap\">\n\t\t\t\t\t\t\t<\/div>\n\t\t<\/div>\n\t\t\t\t\t<\/div>\n\t\t<\/section>\n\t\t\t\t<\/div>","protected":false},"excerpt":{"rendered":"<p>\u00a1TU PUEDES APRENDER INGL\u00c9S! \u00danase a una de nuestras clases amigables en grupos peque\u00f1os. Vea c\u00f3mo aprender un nuevo idioma puede ser f\u00e1cil y divertido. \u2022 Cualquier adulto mayor de 18 a\u00f1os puede unirse a nuestras clases. \u2022 \u00a1Todas las clases son gratis! Nosotros proporcionamos los libros de texto. \u2022 Ofrecemos clases para principiantes, intermedios, avanzados, de conversaci\u00f3n y de ciudadan\u00eda estadounidense... por la ma\u00f1ana, por la tarde y por la noche. \u2026<\/p>\n<p class=\"read-more\"> <a class=\"\" href=\"https:\/\/sgvlc.org\/es\/home\/students\/\"> <span class=\"screen-reader-text\">ESTUDIANTES<\/span> Leer m\u00e1s \u00bb<\/a><\/p>","protected":false},"author":1,"featured_media":0,"parent":124,"menu_order":0,"comment_status":"closed","ping_status":"closed","template":"","meta":{"footnotes":""},"class_list":["post-323","page","type-page","status-publish","hentry"],"jetpack_sharing_enabled":true,"_links":{"self":[{"href":"https:\/\/sgvlc.org\/es\/wp-json\/wp\/v2\/pages\/323","targetHints":{"allow":["GET"]}}],"collection":[{"href":"https:\/\/sgvlc.org\/es\/wp-json\/wp\/v2\/pages"}],"about":[{"href":"https:\/\/sgvlc.org\/es\/wp-json\/wp\/v2\/types\/page"}],"author":[{"embeddable":true,"href":"https:\/\/sgvlc.org\/es\/wp-json\/wp\/v2\/users\/1"}],"replies":[{"embeddable":true,"href":"https:\/\/sgvlc.org\/es\/wp-json\/wp\/v2\/comments?post=323"}],"version-history":[{"count":19,"href":"https:\/\/sgvlc.org\/es\/wp-json\/wp\/v2\/pages\/323\/revisions"}],"predecessor-version":[{"id":2983,"href":"https:\/\/sgvlc.org\/es\/wp-json\/wp\/v2\/pages\/323\/revisions\/2983"}],"up":[{"embeddable":true,"href":"https:\/\/sgvlc.org\/es\/wp-json\/wp\/v2\/pages\/124"}],"wp:attachment":[{"href":"https:\/\/sgvlc.org\/es\/wp-json\/wp\/v2\/media?parent=323"}],"curies":[{"name":"wp","href":"https:\/\/api.w.org\/{rel}","templated":true}]}}