{"id":272,"date":"2021-05-11T20:48:57","date_gmt":"2021-05-12T03:48:57","guid":{"rendered":"https:\/\/sgvlc.org\/?page_id=272"},"modified":"2021-08-25T13:02:50","modified_gmt":"2021-08-25T20:02:50","slug":"supporting-sgvlc","status":"publish","type":"page","link":"https:\/\/sgvlc.org\/es\/home\/supporting-sgvlc\/","title":{"rendered":"APOYO A SGVLC"},"content":{"rendered":"<div data-elementor-type=\"wp-page\" data-elementor-id=\"272\" class=\"elementor elementor-272\" data-elementor-post-type=\"page\">\n\t\t\t\t\t\t<section class=\"elementor-section elementor-top-section elementor-element elementor-element-13f6099 elementor-section-boxed elementor-section-height-default elementor-section-height-default\" data-id=\"13f6099\" data-element_type=\"section\">\n\t\t\t\t\t\t<div class=\"elementor-container elementor-column-gap-default\">\n\t\t\t\t\t<div class=\"elementor-column elementor-col-100 elementor-top-column elementor-element elementor-element-d327bb4\" data-id=\"d327bb4\" data-element_type=\"column\">\n\t\t\t<div class=\"elementor-widget-wrap elementor-element-populated\">\n\t\t\t\t\t\t<div class=\"elementor-element elementor-element-8e32670 elementor-widget elementor-widget-heading\" data-id=\"8e32670\" data-element_type=\"widget\" data-widget_type=\"heading.default\">\n\t\t\t\t<div class=\"elementor-widget-container\">\n\t\t\t\t\t<h2 class=\"elementor-heading-title elementor-size-default\">NUESTRA MISI\u00d3N...<\/h2>\t\t\t\t<\/div>\n\t\t\t\t<\/div>\n\t\t\t\t<div class=\"elementor-element elementor-element-4bf9e0c elementor-widget__width-initial elementor-widget-mobile__width-initial elementor-widget elementor-widget-heading\" data-id=\"4bf9e0c\" data-element_type=\"widget\" data-widget_type=\"heading.default\">\n\t\t\t\t<div class=\"elementor-widget-container\">\n\t\t\t\t\t<h4 class=\"elementor-heading-title elementor-size-default\">Ayudando a nuestra comunidad palabra a palabra.<\/h4>\t\t\t\t<\/div>\n\t\t\t\t<\/div>\n\t\t\t\t\t<\/div>\n\t\t<\/div>\n\t\t\t\t\t<\/div>\n\t\t<\/section>\n\t\t\t\t<section class=\"elementor-section elementor-top-section elementor-element elementor-element-2b8cdca elementor-section-boxed elementor-section-height-default elementor-section-height-default\" data-id=\"2b8cdca\" data-element_type=\"section\">\n\t\t\t\t\t\t<div class=\"elementor-container elementor-column-gap-default\">\n\t\t\t\t\t<div class=\"elementor-column elementor-col-100 elementor-top-column elementor-element elementor-element-6b9c8fd\" data-id=\"6b9c8fd\" data-element_type=\"column\">\n\t\t\t<div class=\"elementor-widget-wrap elementor-element-populated\">\n\t\t\t\t\t\t<section class=\"elementor-section elementor-inner-section elementor-element elementor-element-7228a53 elementor-section-boxed elementor-section-height-default elementor-section-height-default\" data-id=\"7228a53\" data-element_type=\"section\">\n\t\t\t\t\t\t<div class=\"elementor-container elementor-column-gap-default\">\n\t\t\t\t\t<div class=\"elementor-column elementor-col-50 elementor-inner-column elementor-element elementor-element-35aaf1b\" data-id=\"35aaf1b\" data-element_type=\"column\">\n\t\t\t<div class=\"elementor-widget-wrap elementor-element-populated\">\n\t\t\t\t\t\t<div class=\"elementor-element elementor-element-477bcef elementor-widget elementor-widget-text-editor\" data-id=\"477bcef\" data-element_type=\"widget\" data-widget_type=\"text-editor.default\">\n\t\t\t\t<div class=\"elementor-widget-container\">\n\t\t\t\t\t\t\t\t\t<p>Desde 1969, el Consejo de Alfabetizaci\u00f3n del Valle de San Gabriel ha brindado clases de ingl\u00e9s y ciudadan\u00eda en grupos peque\u00f1os para estudiantes adultos en Pasadena y las comunidades circundantes.<\/p><p>Servimos a un grupo diverso de personas de todo el mundo, ayud\u00e1ndoles a convertirse en padres, trabajadores y miembros activos de la sociedad m\u00e1s eficaces e involucrados.<\/p>\t\t\t\t\t\t\t\t<\/div>\n\t\t\t\t<\/div>\n\t\t\t\t<div class=\"elementor-element elementor-element-9bb3c26 elementor-widget elementor-widget-heading\" data-id=\"9bb3c26\" data-element_type=\"widget\" data-widget_type=\"heading.default\">\n\t\t\t\t<div class=\"elementor-widget-container\">\n\t\t\t\t\t<h2 class=\"elementor-heading-title elementor-size-default\">... Y LA GENTE QUE<br>&nbsp;&nbsp;&nbsp;HAZLO POSIBLE<\/h2>\t\t\t\t<\/div>\n\t\t\t\t<\/div>\n\t\t\t\t<div class=\"elementor-element elementor-element-03d3d58 elementor-widget elementor-widget-text-editor\" data-id=\"03d3d58\" data-element_type=\"widget\" data-widget_type=\"text-editor.default\">\n\t\t\t\t<div class=\"elementor-widget-container\">\n\t\t\t\t\t\t\t\t\t<p>Las oportunidades de voluntariado de SGVLC no se limitan a la ense\u00f1anza. Siempre estamos buscando ayuda con marketing, eventos especiales, recaudaci\u00f3n de fondos y otras tareas entre bastidores que hacen que nuestras clases sean posibles.<\/p><p>Tambi\u00e9n aceptamos gentilmente la ayuda de empresas locales y organizaciones c\u00edvicas que brindan servicios en especie y otro tipo de apoyo. Las generosas contribuciones financieras de individuos y grupos nos permiten proporcionar a los estudiantes y maestros libros de texto y \u00fatiles escolares gratuitos.<\/p><p>Para obtener m\u00e1s informaci\u00f3n o para ser voluntario, toque o haga clic en CONT\u00c1CTENOS.<\/p>\t\t\t\t\t\t\t\t<\/div>\n\t\t\t\t<\/div>\n\t\t\t\t\t<\/div>\n\t\t<\/div>\n\t\t\t\t<div class=\"elementor-column elementor-col-50 elementor-inner-column elementor-element elementor-element-a5521f7\" data-id=\"a5521f7\" data-element_type=\"column\">\n\t\t\t<div class=\"elementor-widget-wrap elementor-element-populated\">\n\t\t\t\t\t\t<div class=\"elementor-element elementor-element-81727a4 elementor-invisible elementor-widget elementor-widget-image\" data-id=\"81727a4\" data-element_type=\"widget\" data-settings=\"{&quot;_animation&quot;:&quot;fadeIn&quot;}\" data-widget_type=\"image.default\">\n\t\t\t\t<div class=\"elementor-widget-container\">\n\t\t\t\t\t\t\t\t\t\t\t\t\t\t\t<img fetchpriority=\"high\" decoding=\"async\" width=\"474\" height=\"300\" src=\"https:\/\/sgvlc.org\/wp-content\/uploads\/2021\/06\/5stusdiplomae.jpg\" class=\"attachment-large size-large wp-image-1541\" alt=\"\" srcset=\"https:\/\/sgvlc.org\/wp-content\/uploads\/2021\/06\/5stusdiplomae.jpg 474w, https:\/\/sgvlc.org\/wp-content\/uploads\/2021\/06\/5stusdiplomae-300x190.jpg 300w, https:\/\/sgvlc.org\/wp-content\/uploads\/2021\/06\/5stusdiplomae-16x10.jpg 16w\" sizes=\"(max-width: 474px) 100vw, 474px\" \/>\t\t\t\t\t\t\t\t\t\t\t\t\t\t\t<\/div>\n\t\t\t\t<\/div>\n\t\t\t\t<div class=\"elementor-element elementor-element-9e5a69d elementor-widget elementor-widget-image\" data-id=\"9e5a69d\" data-element_type=\"widget\" data-widget_type=\"image.default\">\n\t\t\t\t<div class=\"elementor-widget-container\">\n\t\t\t\t\t\t\t\t\t\t\t\t\t\t\t<img decoding=\"async\" src=\"https:\/\/sgvlc.org\/wp-content\/uploads\/elementor\/thumbs\/DSCN1556plate-qccwxs6us09u28fh4glol6shh9sryes009jwebwsb2.jpg\" title=\"Placa DSCN1556\" alt=\"DSCN1556plate\" loading=\"lazy\" \/>\t\t\t\t\t\t\t\t\t\t\t\t\t\t\t<\/div>\n\t\t\t\t<\/div>\n\t\t\t\t\t<\/div>\n\t\t<\/div>\n\t\t\t\t\t<\/div>\n\t\t<\/section>\n\t\t\t\t\t<\/div>\n\t\t<\/div>\n\t\t\t\t\t<\/div>\n\t\t<\/section>\n\t\t\t\t<section class=\"elementor-section elementor-top-section elementor-element elementor-element-1792132 elementor-section-boxed elementor-section-height-default elementor-section-height-default\" data-id=\"1792132\" data-element_type=\"section\">\n\t\t\t\t\t\t<div class=\"elementor-container elementor-column-gap-default\">\n\t\t\t\t\t<div class=\"elementor-column elementor-col-100 elementor-top-column elementor-element elementor-element-45fb4ff\" data-id=\"45fb4ff\" data-element_type=\"column\">\n\t\t\t<div class=\"elementor-widget-wrap elementor-element-populated\">\n\t\t\t\t\t\t<section class=\"elementor-section elementor-inner-section elementor-element elementor-element-9d0d1dc elementor-section-boxed elementor-section-height-default elementor-section-height-default\" data-id=\"9d0d1dc\" data-element_type=\"section\">\n\t\t\t\t\t\t<div class=\"elementor-container elementor-column-gap-default\">\n\t\t\t\t\t<div class=\"elementor-column elementor-col-50 elementor-inner-column elementor-element elementor-element-4f1e4f3\" data-id=\"4f1e4f3\" data-element_type=\"column\">\n\t\t\t<div class=\"elementor-widget-wrap elementor-element-populated\">\n\t\t\t\t\t\t<div class=\"elementor-element elementor-element-af24db9 elementor-widget-divider--view-line elementor-widget elementor-widget-divider\" data-id=\"af24db9\" data-element_type=\"widget\" data-widget_type=\"divider.default\">\n\t\t\t\t<div class=\"elementor-widget-container\">\n\t\t\t\t\t\t\t<div class=\"elementor-divider\">\n\t\t\t<span class=\"elementor-divider-separator\">\n\t\t\t\t\t\t<\/span>\n\t\t<\/div>\n\t\t\t\t\t\t<\/div>\n\t\t\t\t<\/div>\n\t\t\t\t<div class=\"elementor-element elementor-element-e83603c elementor-align-center elementor-widget__width-initial elementor-widget elementor-widget-button\" data-id=\"e83603c\" data-element_type=\"widget\" data-widget_type=\"button.default\">\n\t\t\t\t<div class=\"elementor-widget-container\">\n\t\t\t\t\t\t\t\t\t<div class=\"elementor-button-wrapper\">\n\t\t\t\t\t<a class=\"elementor-button elementor-button-link elementor-size-md\" href=\"https:\/\/sgvlc.org\/es\/presidents-message\/\">\n\t\t\t\t\t\t<span class=\"elementor-button-content-wrapper\">\n\t\t\t\t\t\t\t\t\t<span class=\"elementor-button-text\">Mensaje del presidente<\/span>\n\t\t\t\t\t<\/span>\n\t\t\t\t\t<\/a>\n\t\t\t\t<\/div>\n\t\t\t\t\t\t\t\t<\/div>\n\t\t\t\t<\/div>\n\t\t\t\t<div class=\"elementor-element elementor-element-886284e elementor-widget-divider--view-line elementor-widget elementor-widget-divider\" data-id=\"886284e\" data-element_type=\"widget\" data-widget_type=\"divider.default\">\n\t\t\t\t<div class=\"elementor-widget-container\">\n\t\t\t\t\t\t\t<div class=\"elementor-divider\">\n\t\t\t<span class=\"elementor-divider-separator\">\n\t\t\t\t\t\t<\/span>\n\t\t<\/div>\n\t\t\t\t\t\t<\/div>\n\t\t\t\t<\/div>\n\t\t\t\t<div class=\"elementor-element elementor-element-7604337 elementor-align-center elementor-widget__width-initial elementor-widget elementor-widget-button\" data-id=\"7604337\" data-element_type=\"widget\" data-widget_type=\"button.default\">\n\t\t\t\t<div class=\"elementor-widget-container\">\n\t\t\t\t\t\t\t\t\t<div class=\"elementor-button-wrapper\">\n\t\t\t\t\t<a class=\"elementor-button elementor-button-link elementor-size-md\" href=\"https:\/\/sgvlc.org\/es\/board-of-directors\/\">\n\t\t\t\t\t\t<span class=\"elementor-button-content-wrapper\">\n\t\t\t\t\t\t\t\t\t<span class=\"elementor-button-text\">Junta Directiva<\/span>\n\t\t\t\t\t<\/span>\n\t\t\t\t\t<\/a>\n\t\t\t\t<\/div>\n\t\t\t\t\t\t\t\t<\/div>\n\t\t\t\t<\/div>\n\t\t\t\t<div class=\"elementor-element elementor-element-a2223ca elementor-widget-divider--view-line elementor-widget elementor-widget-divider\" data-id=\"a2223ca\" data-element_type=\"widget\" data-widget_type=\"divider.default\">\n\t\t\t\t<div class=\"elementor-widget-container\">\n\t\t\t\t\t\t\t<div class=\"elementor-divider\">\n\t\t\t<span class=\"elementor-divider-separator\">\n\t\t\t\t\t\t<\/span>\n\t\t<\/div>\n\t\t\t\t\t\t<\/div>\n\t\t\t\t<\/div>\n\t\t\t\t<div class=\"elementor-element elementor-element-c25e597 elementor-align-center elementor-widget__width-initial elementor-widget elementor-widget-button\" data-id=\"c25e597\" data-element_type=\"widget\" data-widget_type=\"button.default\">\n\t\t\t\t<div class=\"elementor-widget-container\">\n\t\t\t\t\t\t\t\t\t<div class=\"elementor-button-wrapper\">\n\t\t\t\t\t<a class=\"elementor-button elementor-button-link elementor-size-md\" href=\"https:\/\/sgvlc.org\/es\/partners-and-thanks\/\">\n\t\t\t\t\t\t<span class=\"elementor-button-content-wrapper\">\n\t\t\t\t\t\t\t\t\t<span class=\"elementor-button-text\">Nuestro agradecimiento<\/span>\n\t\t\t\t\t<\/span>\n\t\t\t\t\t<\/a>\n\t\t\t\t<\/div>\n\t\t\t\t\t\t\t\t<\/div>\n\t\t\t\t<\/div>\n\t\t\t\t<div class=\"elementor-element elementor-element-1ea982a elementor-widget-divider--view-line elementor-widget elementor-widget-divider\" data-id=\"1ea982a\" data-element_type=\"widget\" data-widget_type=\"divider.default\">\n\t\t\t\t<div class=\"elementor-widget-container\">\n\t\t\t\t\t\t\t<div class=\"elementor-divider\">\n\t\t\t<span class=\"elementor-divider-separator\">\n\t\t\t\t\t\t<\/span>\n\t\t<\/div>\n\t\t\t\t\t\t<\/div>\n\t\t\t\t<\/div>\n\t\t\t\t\t<\/div>\n\t\t<\/div>\n\t\t\t\t<div class=\"elementor-column elementor-col-50 elementor-inner-column elementor-element elementor-element-018db84\" data-id=\"018db84\" data-element_type=\"column\">\n\t\t\t<div class=\"elementor-widget-wrap\">\n\t\t\t\t\t\t\t<\/div>\n\t\t<\/div>\n\t\t\t\t\t<\/div>\n\t\t<\/section>\n\t\t\t\t\t<\/div>\n\t\t<\/div>\n\t\t\t\t\t<\/div>\n\t\t<\/section>\n\t\t\t\t<section class=\"elementor-section elementor-top-section elementor-element elementor-element-7ce35c9 elementor-section-boxed elementor-section-height-default elementor-section-height-default\" data-id=\"7ce35c9\" data-element_type=\"section\">\n\t\t\t\t\t\t<div class=\"elementor-container elementor-column-gap-default\">\n\t\t\t\t\t<div class=\"elementor-column elementor-col-25 elementor-top-column elementor-element elementor-element-336ed4a\" data-id=\"336ed4a\" data-element_type=\"column\">\n\t\t\t<div class=\"elementor-widget-wrap\">\n\t\t\t\t\t\t\t<\/div>\n\t\t<\/div>\n\t\t\t\t<div class=\"elementor-column elementor-col-25 elementor-top-column elementor-element elementor-element-f0177e6\" data-id=\"f0177e6\" data-element_type=\"column\">\n\t\t\t<div class=\"elementor-widget-wrap elementor-element-populated\">\n\t\t\t\t\t\t<div class=\"elementor-element elementor-element-a0d39d4 elementor-align-justify elementor-mobile-align-center elementor-widget elementor-widget-button\" data-id=\"a0d39d4\" data-element_type=\"widget\" data-widget_type=\"button.default\">\n\t\t\t\t<div class=\"elementor-widget-container\">\n\t\t\t\t\t\t\t\t\t<div class=\"elementor-button-wrapper\">\n\t\t\t\t\t<a class=\"elementor-button elementor-button-link elementor-size-sm\" href=\"https:\/\/sgvlc.org\/es\/supporters-contact\/\">\n\t\t\t\t\t\t<span class=\"elementor-button-content-wrapper\">\n\t\t\t\t\t\t\t\t\t<span class=\"elementor-button-text\">CONT\u00c1CTENOS<\/span>\n\t\t\t\t\t<\/span>\n\t\t\t\t\t<\/a>\n\t\t\t\t<\/div>\n\t\t\t\t\t\t\t\t<\/div>\n\t\t\t\t<\/div>\n\t\t\t\t\t<\/div>\n\t\t<\/div>\n\t\t\t\t<div class=\"elementor-column elementor-col-25 elementor-top-column elementor-element elementor-element-4fc775c\" data-id=\"4fc775c\" data-element_type=\"column\">\n\t\t\t<div class=\"elementor-widget-wrap elementor-element-populated\">\n\t\t\t\t\t\t<div class=\"elementor-element elementor-element-59d49c2 elementor-align-justify elementor-mobile-align-center elementor-widget elementor-widget-button\" data-id=\"59d49c2\" data-element_type=\"widget\" data-widget_type=\"button.default\">\n\t\t\t\t<div class=\"elementor-widget-container\">\n\t\t\t\t\t\t\t\t\t<div class=\"elementor-button-wrapper\">\n\t\t\t\t\t<a class=\"elementor-button elementor-button-link elementor-size-sm\" href=\"https:\/\/sgvlc.org\/es\/donation\/\">\n\t\t\t\t\t\t<span class=\"elementor-button-content-wrapper\">\n\t\t\t\t\t\t\t\t\t<span class=\"elementor-button-text\">     DONAR     <\/span>\n\t\t\t\t\t<\/span>\n\t\t\t\t\t<\/a>\n\t\t\t\t<\/div>\n\t\t\t\t\t\t\t\t<\/div>\n\t\t\t\t<\/div>\n\t\t\t\t\t<\/div>\n\t\t<\/div>\n\t\t\t\t<div class=\"elementor-column elementor-col-25 elementor-top-column elementor-element elementor-element-a48a5bd\" data-id=\"a48a5bd\" data-element_type=\"column\">\n\t\t\t<div class=\"elementor-widget-wrap\">\n\t\t\t\t\t\t\t<\/div>\n\t\t<\/div>\n\t\t\t\t\t<\/div>\n\t\t<\/section>\n\t\t\t\t<section class=\"elementor-section elementor-top-section elementor-element elementor-element-de2f89c elementor-section-boxed elementor-section-height-default elementor-section-height-default\" data-id=\"de2f89c\" data-element_type=\"section\">\n\t\t\t\t\t\t<div class=\"elementor-container elementor-column-gap-default\">\n\t\t\t\t\t<div class=\"elementor-column elementor-col-100 elementor-top-column elementor-element elementor-element-c126b41\" data-id=\"c126b41\" data-element_type=\"column\">\n\t\t\t<div class=\"elementor-widget-wrap elementor-element-populated\">\n\t\t\t\t\t\t<div class=\"elementor-element elementor-element-fd4f1bb elementor-button-info elementor-align-center elementor-widget elementor-widget-global elementor-global-603 elementor-widget-button\" data-id=\"fd4f1bb\" data-element_type=\"widget\" data-widget_type=\"button.default\">\n\t\t\t\t<div class=\"elementor-widget-container\">\n\t\t\t\t\t\t\t\t\t<div class=\"elementor-button-wrapper\">\n\t\t\t\t\t<a class=\"elementor-button elementor-button-link elementor-size-sm\" href=\"https:\/\/sgvlc.org\/es\/home\/\">\n\t\t\t\t\t\t<span class=\"elementor-button-content-wrapper\">\n\t\t\t\t\t\t\t\t\t<span class=\"elementor-button-text\">REGRESAR A LA P\u00c1GINA PRINCIPAL<\/span>\n\t\t\t\t\t<\/span>\n\t\t\t\t\t<\/a>\n\t\t\t\t<\/div>\n\t\t\t\t\t\t\t\t<\/div>\n\t\t\t\t<\/div>\n\t\t\t\t\t<\/div>\n\t\t<\/div>\n\t\t\t\t\t<\/div>\n\t\t<\/section>\n\t\t\t\t<section class=\"elementor-section elementor-top-section elementor-element elementor-element-891a86a elementor-section-boxed elementor-section-height-default elementor-section-height-default\" data-id=\"891a86a\" data-element_type=\"section\">\n\t\t\t\t\t\t<div class=\"elementor-container elementor-column-gap-default\">\n\t\t\t\t\t<div class=\"elementor-column elementor-col-100 elementor-top-column elementor-element elementor-element-84e5ad8\" data-id=\"84e5ad8\" data-element_type=\"column\">\n\t\t\t<div class=\"elementor-widget-wrap\">\n\t\t\t\t\t\t\t<\/div>\n\t\t<\/div>\n\t\t\t\t\t<\/div>\n\t\t<\/section>\n\t\t\t\t<\/div>","protected":false},"excerpt":{"rendered":"<p>NUESTRA MISI\u00d3N\u2026 Ayudar a nuestra comunidad una palabra a la vez. Desde 1969, el Consejo de Alfabetizaci\u00f3n del Valle de San Gabriel ha brindado clases de ingl\u00e9s y ciudadan\u00eda en grupos peque\u00f1os para estudiantes adultos en Pasadena y las comunidades circundantes. Servimos a un grupo diverso de personas de todo el mundo, ayud\u00e1ndoles a ser m\u00e1s efectivos e involucrados...<\/p>\n<p class=\"read-more\"> <a class=\"\" href=\"https:\/\/sgvlc.org\/es\/home\/supporting-sgvlc\/\"> <span class=\"screen-reader-text\">APOYO A SGVLC<\/span> Leer m\u00e1s \u00bb<\/a><\/p>","protected":false},"author":1,"featured_media":0,"parent":124,"menu_order":0,"comment_status":"closed","ping_status":"closed","template":"","meta":{"footnotes":""},"class_list":["post-272","page","type-page","status-publish","hentry"],"jetpack_sharing_enabled":true,"_links":{"self":[{"href":"https:\/\/sgvlc.org\/es\/wp-json\/wp\/v2\/pages\/272","targetHints":{"allow":["GET"]}}],"collection":[{"href":"https:\/\/sgvlc.org\/es\/wp-json\/wp\/v2\/pages"}],"about":[{"href":"https:\/\/sgvlc.org\/es\/wp-json\/wp\/v2\/types\/page"}],"author":[{"embeddable":true,"href":"https:\/\/sgvlc.org\/es\/wp-json\/wp\/v2\/users\/1"}],"replies":[{"embeddable":true,"href":"https:\/\/sgvlc.org\/es\/wp-json\/wp\/v2\/comments?post=272"}],"version-history":[{"count":10,"href":"https:\/\/sgvlc.org\/es\/wp-json\/wp\/v2\/pages\/272\/revisions"}],"predecessor-version":[{"id":2212,"href":"https:\/\/sgvlc.org\/es\/wp-json\/wp\/v2\/pages\/272\/revisions\/2212"}],"up":[{"embeddable":true,"href":"https:\/\/sgvlc.org\/es\/wp-json\/wp\/v2\/pages\/124"}],"wp:attachment":[{"href":"https:\/\/sgvlc.org\/es\/wp-json\/wp\/v2\/media?parent=272"}],"curies":[{"name":"wp","href":"https:\/\/api.w.org\/{rel}","templated":true}]}}