{"id":2214,"date":"2021-09-23T12:54:00","date_gmt":"2021-09-23T19:54:00","guid":{"rendered":"https:\/\/sgvlc.org\/?page_id=2214"},"modified":"2025-08-30T11:27:02","modified_gmt":"2025-08-30T18:27:02","slug":"calendar","status":"publish","type":"page","link":"https:\/\/sgvlc.org\/es\/calendar\/","title":{"rendered":"Calendario"},"content":{"rendered":"<div data-elementor-type=\"wp-page\" data-elementor-id=\"2214\" class=\"elementor elementor-2214\" data-elementor-post-type=\"page\">\n\t\t\t\t\t\t<section class=\"elementor-section elementor-top-section elementor-element elementor-element-6c49fba elementor-section-boxed elementor-section-height-default elementor-section-height-default\" data-id=\"6c49fba\" data-element_type=\"section\">\n\t\t\t\t\t\t<div class=\"elementor-container elementor-column-gap-default\">\n\t\t\t\t\t<div class=\"elementor-column elementor-col-100 elementor-top-column elementor-element elementor-element-086058b\" data-id=\"086058b\" data-element_type=\"column\">\n\t\t\t<div class=\"elementor-widget-wrap elementor-element-populated\">\n\t\t\t\t\t\t<div class=\"elementor-element elementor-element-f41089e elementor-widget elementor-widget-heading\" data-id=\"f41089e\" data-element_type=\"widget\" data-widget_type=\"heading.default\">\n\t\t\t\t<div class=\"elementor-widget-container\">\n\t\t\t\t\t<h2 class=\"elementor-heading-title elementor-size-default\">CALENDARIO 2025 a 2026<\/h2>\t\t\t\t<\/div>\n\t\t\t\t<\/div>\n\t\t\t\t\t<\/div>\n\t\t<\/div>\n\t\t\t\t\t<\/div>\n\t\t<\/section>\n\t\t\t\t<section class=\"elementor-section elementor-top-section elementor-element elementor-element-8ef49fc elementor-section-boxed elementor-section-height-default elementor-section-height-default\" data-id=\"8ef49fc\" data-element_type=\"section\">\n\t\t\t\t\t\t<div class=\"elementor-container elementor-column-gap-default\">\n\t\t\t\t\t<div class=\"elementor-column elementor-col-100 elementor-top-column elementor-element elementor-element-3ed2a91\" data-id=\"3ed2a91\" data-element_type=\"column\">\n\t\t\t<div class=\"elementor-widget-wrap elementor-element-populated\">\n\t\t\t\t\t\t<div class=\"elementor-element elementor-element-a8605a9 elementor-widget elementor-widget-heading\" data-id=\"a8605a9\" data-element_type=\"widget\" data-widget_type=\"heading.default\">\n\t\t\t\t<div class=\"elementor-widget-container\">\n\t\t\t\t\t<h2 class=\"elementor-heading-title elementor-size-default\">2025<\/h2>\t\t\t\t<\/div>\n\t\t\t\t<\/div>\n\t\t\t\t\t<\/div>\n\t\t<\/div>\n\t\t\t\t\t<\/div>\n\t\t<\/section>\n\t\t\t\t<section class=\"elementor-section elementor-top-section elementor-element elementor-element-62f4bc6 elementor-section-boxed elementor-section-height-default elementor-section-height-default\" data-id=\"62f4bc6\" data-element_type=\"section\">\n\t\t\t\t\t\t<div class=\"elementor-container elementor-column-gap-default\">\n\t\t\t\t\t<div class=\"elementor-column elementor-col-100 elementor-top-column elementor-element elementor-element-4115bf2\" data-id=\"4115bf2\" data-element_type=\"column\">\n\t\t\t<div class=\"elementor-widget-wrap elementor-element-populated\">\n\t\t\t\t\t\t<div class=\"elementor-element elementor-element-7f70678 elementor-widget elementor-widget-text-editor\" data-id=\"7f70678\" data-element_type=\"widget\" data-widget_type=\"text-editor.default\">\n\t\t\t\t<div class=\"elementor-widget-container\">\n\t\t\t\t\t\t\t\t\t<p>\u00a0<\/p><p style=\"text-align: center;\"><strong>SEPTIEMBRE<\/strong><br \/><strong>13<\/strong> Taller para nuevos profesores de 9:30 a. m. a 12:30 p. m. \/ Orientaci\u00f3n para profesores de 1 p. m. a 3 p. m.<br \/><strong>21<\/strong> Taller de capacitaci\u00f3n en l\u00ednea por Zoom de 13:00 a 14:00 horas<br \/><strong>22<\/strong> Las clases empiezan<\/p><p style=\"text-align: center;\"><strong>OCTUBRE<br \/><\/strong><br \/><strong>11<\/strong> Desfile y Festival de la Herencia Latina de Pasadena<br \/><strong>17<\/strong> No hay clases: d\u00eda libre para alumnos del PUSD<br \/><strong>25<\/strong> Reuni\u00f3n de profesores \u2013 2:00-3:30 pm<\/p><p style=\"text-align: center;\"><strong>NOVIEMBRE<\/strong><br \/><strong>8<\/strong> Actividad social de los profesores<br \/><strong>11<\/strong> Sin clases: D\u00eda de los veteranos<br \/><strong>24-29<\/strong> No hay clases: recreo de Acci\u00f3n de Gracias<\/p><p style=\"text-align: center;\"><strong>DICIEMBRE<\/strong><br \/><strong>22-31<\/strong> No hay clases: receso de invierno<\/p>\t\t\t\t\t\t\t\t<\/div>\n\t\t\t\t<\/div>\n\t\t\t\t\t<\/div>\n\t\t<\/div>\n\t\t\t\t\t<\/div>\n\t\t<\/section>\n\t\t\t\t<section class=\"elementor-section elementor-top-section elementor-element elementor-element-a9db129 elementor-section-boxed elementor-section-height-default elementor-section-height-default\" data-id=\"a9db129\" data-element_type=\"section\">\n\t\t\t\t\t\t<div class=\"elementor-container elementor-column-gap-default\">\n\t\t\t\t\t<div class=\"elementor-column elementor-col-100 elementor-top-column elementor-element elementor-element-c8d49d9\" data-id=\"c8d49d9\" data-element_type=\"column\">\n\t\t\t<div class=\"elementor-widget-wrap elementor-element-populated\">\n\t\t\t\t\t\t<div class=\"elementor-element elementor-element-527eb23 elementor-widget elementor-widget-heading\" data-id=\"527eb23\" data-element_type=\"widget\" data-widget_type=\"heading.default\">\n\t\t\t\t<div class=\"elementor-widget-container\">\n\t\t\t\t\t<h2 class=\"elementor-heading-title elementor-size-default\">2026<\/h2>\t\t\t\t<\/div>\n\t\t\t\t<\/div>\n\t\t\t\t\t<\/div>\n\t\t<\/div>\n\t\t\t\t\t<\/div>\n\t\t<\/section>\n\t\t\t\t<section class=\"elementor-section elementor-top-section elementor-element elementor-element-118f458 elementor-section-boxed elementor-section-height-default elementor-section-height-default\" data-id=\"118f458\" data-element_type=\"section\">\n\t\t\t\t\t\t<div class=\"elementor-container elementor-column-gap-default\">\n\t\t\t\t\t<div class=\"elementor-column elementor-col-100 elementor-top-column elementor-element elementor-element-efcd90d\" data-id=\"efcd90d\" data-element_type=\"column\">\n\t\t\t<div class=\"elementor-widget-wrap elementor-element-populated\">\n\t\t\t\t\t\t<div class=\"elementor-element elementor-element-1a1193b elementor-widget elementor-widget-text-editor\" data-id=\"1a1193b\" data-element_type=\"widget\" data-widget_type=\"text-editor.default\">\n\t\t\t\t<div class=\"elementor-widget-container\">\n\t\t\t\t\t\t\t\t\t<p style=\"text-align: center;\"><strong>ENERO<\/strong><\/br>\n<strong>1-2<\/strong> No hay clases: recreo de invierno<\/br>\n<strong>5<\/strong> Reanudaci\u00f3n de clases<\/br>\n<strong>19<\/strong> No hay clases: D\u00eda de Martin Luther King, Jr.<\/br>\n<strong>31<\/strong> Fin del primer semestre \u2013 vencimiento de asistencia<\/p>\n<p style=\"text-align: center;\"><strong>FEBRERO<\/strong><\/br>\n<strong>2<\/strong> Inicio del segundo semestre<\/br>\n<strong>16<\/strong> No hay clases: el d\u00eda del presidente<\/br>\nReuni\u00f3n de maestros 1-3 pm<\/p>\n<p style=\"text-align: center;\"><strong>MARCHA<\/strong><\/br>\n<strong><\/strong> por determinar<\/br><\/p>\n<p style=\"text-align: center;\"><strong>ABRIL<\/strong><\/br>\n<strong>6-11<\/strong> No hay clases \u2013 Receso de primavera<\/br>\n<strong>13<\/strong> Reanudaci\u00f3n de clases<\/br>\n<strong><\/strong> Actividad social de los profesores<\/p>\n<p style=\"text-align: center;\"><strong>MAYO<\/strong><\/br>\n<strong>9<\/strong> Reuni\u00f3n anual y celebraci\u00f3n 3:00-4:30 pm<\/br>\n<strong>22<\/strong> Termina el a\u00f1o escolar (la \u00faltima clase del s\u00e1bado es el 16\/5)<\/p>\n\n\t\t\t\t\t\t\t\t<\/div>\n\t\t\t\t<\/div>\n\t\t\t\t\t<\/div>\n\t\t<\/div>\n\t\t\t\t\t<\/div>\n\t\t<\/section>\n\t\t\t\t<\/div>","protected":false},"excerpt":{"rendered":"<p>CALENDARIO 2025 a 2026 2025 SEPTIEMBRE13 Taller para nuevos maestros 9:30 a. m. a 12:30 p. m. \/ Orientaci\u00f3n para maestros 1 p. m. a 3 p. m.21 Taller de capacitaci\u00f3n en l\u00ednea Zoom 1 p. m. a 2 p. m.22 Comienzan las clases OCTUBRE11 Desfile y festival de la herencia latina de Pasadena17 No hay clases: d\u00eda sin alumnos de PUSD25 Reuni\u00f3n de maestros: 2 a 3:30 p. m. NOVIEMBRE8 Actividad social para maestros11 No hay clases: D\u00eda de los Veteranos24-29 No hay clases: receso de Acci\u00f3n de Gracias DICIEMBRE22-31 No hay clases: receso de invierno \u2026<\/p>\n<p class=\"read-more\"> <a class=\"\" href=\"https:\/\/sgvlc.org\/es\/calendar\/\"> <span class=\"screen-reader-text\">Calendario<\/span> Leer m\u00e1s \u00bb<\/a><\/p>","protected":false},"author":1,"featured_media":0,"parent":0,"menu_order":0,"comment_status":"closed","ping_status":"closed","template":"","meta":{"footnotes":""},"class_list":["post-2214","page","type-page","status-publish","hentry"],"jetpack_sharing_enabled":true,"_links":{"self":[{"href":"https:\/\/sgvlc.org\/es\/wp-json\/wp\/v2\/pages\/2214","targetHints":{"allow":["GET"]}}],"collection":[{"href":"https:\/\/sgvlc.org\/es\/wp-json\/wp\/v2\/pages"}],"about":[{"href":"https:\/\/sgvlc.org\/es\/wp-json\/wp\/v2\/types\/page"}],"author":[{"embeddable":true,"href":"https:\/\/sgvlc.org\/es\/wp-json\/wp\/v2\/users\/1"}],"replies":[{"embeddable":true,"href":"https:\/\/sgvlc.org\/es\/wp-json\/wp\/v2\/comments?post=2214"}],"version-history":[{"count":16,"href":"https:\/\/sgvlc.org\/es\/wp-json\/wp\/v2\/pages\/2214\/revisions"}],"predecessor-version":[{"id":3011,"href":"https:\/\/sgvlc.org\/es\/wp-json\/wp\/v2\/pages\/2214\/revisions\/3011"}],"wp:attachment":[{"href":"https:\/\/sgvlc.org\/es\/wp-json\/wp\/v2\/media?parent=2214"}],"curies":[{"name":"wp","href":"https:\/\/api.w.org\/{rel}","templated":true}]}}